{"id":741,"date":"2018-05-04T18:22:23","date_gmt":"2018-05-04T18:22:23","guid":{"rendered":"https:\/\/flmts.com\/basic-motorcycle-rider-course\/"},"modified":"2026-03-10T12:37:22","modified_gmt":"2026-03-10T12:37:22","slug":"curso-basico-para-manejo-de-motocicleta","status":"publish","type":"page","link":"https:\/\/flmts.com\/es\/curso-basico-para-manejo-de-motocicleta\/","title":{"rendered":"Curso Basico para Manejo de Motocicleta eBRC"},"content":{"rendered":"<p>[vc_row padding_top=\u00bb30px\u00bb padding_bottom=\u00bb0px\u00bb background_image=\u00bb0&#8243;][vc_column][vc_column_text]<strong>Curso basico para Manejo de Motocicleta:<\/strong><\/p>\n<h4>15 horas curso de entrenamiento seguro por el FRTP para el endoso de motocicleta<\/h4>\n<p>Nuestro\u00a0<strong>Curso basico para Manejo de Motocicleta <\/strong>es un curso de 15 horas realizado durante un per\u00edodo de 2 d\u00edas, actualmente lo dictamos entre semana y fines de semana, adapt\u00e1ndonos a sus necesidades y ense\u00f1ando a los estudiantes todos los requisitos y requerimientos b\u00e1sicos (m\u00ednimos) para operar y manejar una motocicleta de dos y 3 ruedas en el tr\u00e1fico. El Curso b\u00e1sico para Manejo de Motocicleta cumple con los requisitos de licencia de Florida para un endoso de motocicleta o para su licencia solamente para manejo de motocicleta. Contamos con los entrenadores mas especializados de la Florida, con mas de 30 a\u00f1os de experiencia y 50.000 endosor para manejo de motocicleta entregados con exito. Somos una de las pocas empresas que dictamos el curso en Espa\u00f1ol (Examen Obligatoriamente en Ingl\u00e9s) e Ingl\u00e9s seg\u00fan le convenga. Evitese grandes multas y obtenga descuentos en su seguro de carro y moto obteniendo su Endoso para manejar motocicleta.<\/p>\n<table class=\"TextoPrincipal\" border=\"0\" width=\"100%\" cellspacing=\"0\" cellpadding=\"5\" align=\"center\">\n<tbody>\n<tr>\n<td colspan=\"3\" align=\"left\" height=\"60\">\n<h2><span style=\"color: #ff6600;\">CURSO BASICO PARA MANEJO DE MOTOCICLETA\u00a0 &#8211; FLMTS:<\/span><\/h2>\n<\/td>\n<\/tr>\n<tr>\n<td align=\"left\" width=\"25%\" height=\"60\">\n<h5><strong>MSF 15 horas, curso de manejo basico de motocicletas eBRC<\/strong><\/h5>\n<\/td>\n<td align=\"left\" width=\"43%\" height=\"60\"><strong>Precio: $389.00\u00a0 <span class='button-container'><a  class='wolf-button medium square icon_after accent-color' href='https:\/\/flmts.com\/es\/inscribirse-en-el-curso-basico-para-maneo-de-motocicleta\/' target='_self'>Reg\u00edstrarse Curso en Espa\u00f1ol (Examen en Ingl\u00e9s Obligatorio)<\/a><\/span> \u00a0<span class='button-container'><a  class='wolf-button medium square icon_after accent-color' href='https:\/\/flmts.com\/calendar\/' target='_self'>Enroll NOW in English<\/a><\/span><\/strong><\/td>\n<\/tr>\n<\/tbody>\n<\/table>\n<p>[\/vc_column_text][vc_empty_space][vc_column_text]<\/p>\n<h6><\/h6>\n<h6>Ubicaciones: Pistas en <a href=\"https:\/\/flmts.com\/es\/localizaciones\/\">Hialeah Gardens<\/a>:<\/h6>\n<p>[\/vc_column_text][\/vc_column][\/vc_row][vc_row padding_top=\u00bb20px\u00bb padding_bottom=\u00bb20px\u00bb background_image=\u00bb0&#8243;][vc_column width=\u00bb1\/3&#8243;][vc_column_text]<\/p>\n<h3 style=\"text-align: center;\"><strong>CURSO ENTRE SEMANA <\/strong>(2 DIAS)<strong>:<\/strong><\/h3>\n<h3 style=\"text-align: center;\">LUNES: 3:30 PM A 9:00 PM<br \/>\nMARTES: 4:00 PM A 9:00 PM<\/h3>\n<p>[\/vc_column_text][\/vc_column][vc_column width=\u00bb1\/3&#8243;][vc_column_text]<\/p>\n<h3 style=\"text-align: center;\"><strong>CURSO ENTRE SEMANA <\/strong>(2 DIAS)<strong>:<\/strong><\/h3>\n<h3 style=\"text-align: center;\">JUEVES: 3:30 PM A 9:00 PM<br \/>\nVIERNES: 4:00 PM A 9:00 PM<\/h3>\n<p>[\/vc_column_text][\/vc_column][vc_column width=\u00bb1\/3&#8243;][vc_column_text]<\/p>\n<h3 style=\"text-align: center;\"><strong>FINES DE SEMANA <\/strong>(2 DIAS)<strong>:<\/strong><\/h3>\n<h3 style=\"text-align: center;\">SABADO: 11:30 AM A 5:30 PM<br \/>\n&amp; DOMINGO: 7:00 AM &#8211; 2:00 PM<br \/>\no 12:00 PM &#8211; 5:30 PM<\/h3>\n<p>[\/vc_column_text][\/vc_column][\/vc_row][vc_row padding_top=\u00bb0px\u00bb padding_bottom=\u00bb20px\u00bb background_image=\u00bb0&#8243;][vc_column][vc_column_text]<\/p>\n<p style=\"text-align: center;\">Nota: El Domingo Usted sera asignado a uno de estos dos horarios, no podr\u00e1 elegir un horario especifico, estos horarios se basan en la disponibilidad del instructor.<\/p>\n<p>[\/vc_column_text][\/vc_column][\/vc_row][vc_row padding_top=\u00bb40px\u00bb padding_bottom=\u00bb40px\u00bb background_color=\u00bb#ffffff\u00bb background_image=\u00bb0&#8243;][vc_column][vc_column_text]<\/p>\n<p style=\"text-align: center;\"><a href=\"http:\/\/www.msf-usa.org\/Default.aspx\" target=\"_blank\" rel=\"noopener noreferrer\"><img loading=\"lazy\" decoding=\"async\" class=\"alignnone wp-image-682\" src=\"https:\/\/flmts.com\/wp-content\/uploads\/2018\/05\/Logo1.jpg\" alt=\"\" width=\"161\" height=\"60\" \/>\u00a0\u00a0\u00a0\u00a0\u00a0<\/a>\u00a0<a href=\"https:\/\/www.flhsmv.gov\/driver-licenses-id-cards\/motorcycle-rider-education-endorsements\/\" target=\"_blank\" rel=\"noopener noreferrer\"><img loading=\"lazy\" decoding=\"async\" class=\"alignnone wp-image-683\" src=\"https:\/\/flmts.com\/wp-content\/uploads\/2018\/05\/Logo2.jpg\" alt=\"\" width=\"135\" height=\"60\" \/><\/a><\/p>\n<p>[\/vc_column_text][\/vc_column][\/vc_row]<\/p>\n","protected":false},"excerpt":{"rendered":"<p>[vc_row padding_top=\u00bb30px\u00bb padding_bottom=\u00bb0px\u00bb background_image=\u00bb0&#8243;][vc_column][vc_column_text]Curso basico para Manejo de Motocicleta: 15 horas curso de entrenamiento seguro por el FRTP para el endoso de motocicleta Nuestro\u00a0Curso basico para Manejo de Motocicleta es&#8230;<\/p>\n<p><a rel=\"bookmark\" class=\"more-link wolf-button border-button-accent-hover\" href=\"https:\/\/flmts.com\/es\/curso-basico-para-manejo-de-motocicleta\/\">Leer m&aacute;s<\/a><\/p>\n","protected":false},"author":1,"featured_media":0,"parent":0,"menu_order":0,"comment_status":"closed","ping_status":"closed","template":"","meta":{"_exactmetrics_skip_tracking":false,"_exactmetrics_sitenote_active":false,"_exactmetrics_sitenote_note":"","_exactmetrics_sitenote_category":0,"footnotes":""},"class_list":["post-741","page","type-page","status-publish","hentry","no-thumbnail","text-only"],"yoast_head":"<!-- This site is optimized with the Yoast SEO plugin v23.4 - https:\/\/yoast.com\/wordpress\/plugins\/seo\/ -->\n<title>Curso Basico para Manejo de Motocicleta - BRCu - 15 horas en 2 dias<\/title>\n<meta name=\"description\" content=\"Realizamos el Curso Basico para Manejo de Motocicleta - BRCu y obtenga su endoso en la licencia o su Licencia solamente para manejar Motocicleta en el Estado de la Florida - Miami y Hialea Gardens\" \/>\n<meta name=\"robots\" content=\"index, follow, max-snippet:-1, max-image-preview:large, max-video-preview:-1\" \/>\n<link rel=\"canonical\" href=\"https:\/\/flmts.com\/es\/curso-basico-para-manejo-de-motocicleta\/\" \/>\n<meta property=\"og:locale\" content=\"es_ES\" \/>\n<meta property=\"og:type\" content=\"article\" \/>\n<meta property=\"og:title\" content=\"Curso Basico para Manejo de Motocicleta - BRCu - 15 horas en 2 dias\" \/>\n<meta property=\"og:description\" content=\"Realizamos el Curso Basico para Manejo de Motocicleta - BRCu y obtenga su endoso en la licencia o su Licencia solamente para manejar Motocicleta en el Estado de la Florida - Miami y Hialea Gardens\" \/>\n<meta property=\"og:url\" content=\"https:\/\/flmts.com\/es\/curso-basico-para-manejo-de-motocicleta\/\" \/>\n<meta property=\"og:site_name\" content=\"Florida Motorcycle Training School FLMTS\" \/>\n<meta property=\"article:modified_time\" content=\"2026-03-10T12:37:22+00:00\" \/>\n<meta property=\"og:image\" content=\"https:\/\/flmts.com\/wp-content\/uploads\/2018\/05\/Logo1.jpg\" \/>\n<meta name=\"twitter:card\" content=\"summary_large_image\" \/>\n<meta name=\"twitter:label1\" content=\"Tiempo de lectura\" \/>\n\t<meta name=\"twitter:data1\" content=\"2 minutos\" \/>\n<script type=\"application\/ld+json\" class=\"yoast-schema-graph\">{\"@context\":\"https:\/\/schema.org\",\"@graph\":[{\"@type\":\"WebPage\",\"@id\":\"https:\/\/flmts.com\/es\/curso-basico-para-manejo-de-motocicleta\/\",\"url\":\"https:\/\/flmts.com\/es\/curso-basico-para-manejo-de-motocicleta\/\",\"name\":\"Curso Basico para Manejo de Motocicleta - BRCu - 15 horas en 2 dias\",\"isPartOf\":{\"@id\":\"https:\/\/flmts.com\/#website\"},\"primaryImageOfPage\":{\"@id\":\"https:\/\/flmts.com\/es\/curso-basico-para-manejo-de-motocicleta\/#primaryimage\"},\"image\":{\"@id\":\"https:\/\/flmts.com\/es\/curso-basico-para-manejo-de-motocicleta\/#primaryimage\"},\"thumbnailUrl\":\"https:\/\/flmts.com\/wp-content\/uploads\/2018\/05\/Logo1.jpg\",\"datePublished\":\"2018-05-04T18:22:23+00:00\",\"dateModified\":\"2026-03-10T12:37:22+00:00\",\"description\":\"Realizamos el Curso Basico para Manejo de Motocicleta - BRCu y obtenga su endoso en la licencia o su Licencia solamente para manejar Motocicleta en el Estado de la Florida - Miami y Hialea Gardens\",\"breadcrumb\":{\"@id\":\"https:\/\/flmts.com\/es\/curso-basico-para-manejo-de-motocicleta\/#breadcrumb\"},\"inLanguage\":\"es\",\"potentialAction\":[{\"@type\":\"ReadAction\",\"target\":[\"https:\/\/flmts.com\/es\/curso-basico-para-manejo-de-motocicleta\/\"]}]},{\"@type\":\"ImageObject\",\"inLanguage\":\"es\",\"@id\":\"https:\/\/flmts.com\/es\/curso-basico-para-manejo-de-motocicleta\/#primaryimage\",\"url\":\"https:\/\/flmts.com\/wp-content\/uploads\/2018\/05\/Logo1.jpg\",\"contentUrl\":\"https:\/\/flmts.com\/wp-content\/uploads\/2018\/05\/Logo1.jpg\"},{\"@type\":\"BreadcrumbList\",\"@id\":\"https:\/\/flmts.com\/es\/curso-basico-para-manejo-de-motocicleta\/#breadcrumb\",\"itemListElement\":[{\"@type\":\"ListItem\",\"position\":1,\"name\":\"Home\",\"item\":\"https:\/\/flmts.com\/es\/\"},{\"@type\":\"ListItem\",\"position\":2,\"name\":\"Curso Basico para Manejo de Motocicleta eBRC\"}]},{\"@type\":\"WebSite\",\"@id\":\"https:\/\/flmts.com\/#website\",\"url\":\"https:\/\/flmts.com\/\",\"name\":\"FL Motorcycle Training School\",\"description\":\"Training &amp; School - Basic Rider Course\",\"publisher\":{\"@id\":\"https:\/\/flmts.com\/#organization\"},\"potentialAction\":[{\"@type\":\"SearchAction\",\"target\":{\"@type\":\"EntryPoint\",\"urlTemplate\":\"https:\/\/flmts.com\/?s={search_term_string}\"},\"query-input\":{\"@type\":\"PropertyValueSpecification\",\"valueRequired\":true,\"valueName\":\"search_term_string\"}}],\"inLanguage\":\"es\"},{\"@type\":\"Organization\",\"@id\":\"https:\/\/flmts.com\/#organization\",\"name\":\"FL Motorcycle Training School\",\"url\":\"https:\/\/flmts.com\/\",\"logo\":{\"@type\":\"ImageObject\",\"inLanguage\":\"es\",\"@id\":\"https:\/\/flmts.com\/#\/schema\/logo\/image\/\",\"url\":\"https:\/\/flmts.com\/wp-content\/uploads\/2018\/05\/logo-Motorcycle3.png\",\"contentUrl\":\"https:\/\/flmts.com\/wp-content\/uploads\/2018\/05\/logo-Motorcycle3.png\",\"width\":366,\"height\":200,\"caption\":\"FL Motorcycle Training School\"},\"image\":{\"@id\":\"https:\/\/flmts.com\/#\/schema\/logo\/image\/\"}}]}<\/script>\n<!-- \/ Yoast SEO plugin. -->","yoast_head_json":{"title":"Curso Basico para Manejo de Motocicleta - BRCu - 15 horas en 2 dias","description":"Realizamos el Curso Basico para Manejo de Motocicleta - BRCu y obtenga su endoso en la licencia o su Licencia solamente para manejar Motocicleta en el Estado de la Florida - Miami y Hialea Gardens","robots":{"index":"index","follow":"follow","max-snippet":"max-snippet:-1","max-image-preview":"max-image-preview:large","max-video-preview":"max-video-preview:-1"},"canonical":"https:\/\/flmts.com\/es\/curso-basico-para-manejo-de-motocicleta\/","og_locale":"es_ES","og_type":"article","og_title":"Curso Basico para Manejo de Motocicleta - BRCu - 15 horas en 2 dias","og_description":"Realizamos el Curso Basico para Manejo de Motocicleta - BRCu y obtenga su endoso en la licencia o su Licencia solamente para manejar Motocicleta en el Estado de la Florida - Miami y Hialea Gardens","og_url":"https:\/\/flmts.com\/es\/curso-basico-para-manejo-de-motocicleta\/","og_site_name":"Florida Motorcycle Training School FLMTS","article_modified_time":"2026-03-10T12:37:22+00:00","og_image":[{"url":"https:\/\/flmts.com\/wp-content\/uploads\/2018\/05\/Logo1.jpg"}],"twitter_card":"summary_large_image","twitter_misc":{"Tiempo de lectura":"2 minutos"},"schema":{"@context":"https:\/\/schema.org","@graph":[{"@type":"WebPage","@id":"https:\/\/flmts.com\/es\/curso-basico-para-manejo-de-motocicleta\/","url":"https:\/\/flmts.com\/es\/curso-basico-para-manejo-de-motocicleta\/","name":"Curso Basico para Manejo de Motocicleta - BRCu - 15 horas en 2 dias","isPartOf":{"@id":"https:\/\/flmts.com\/#website"},"primaryImageOfPage":{"@id":"https:\/\/flmts.com\/es\/curso-basico-para-manejo-de-motocicleta\/#primaryimage"},"image":{"@id":"https:\/\/flmts.com\/es\/curso-basico-para-manejo-de-motocicleta\/#primaryimage"},"thumbnailUrl":"https:\/\/flmts.com\/wp-content\/uploads\/2018\/05\/Logo1.jpg","datePublished":"2018-05-04T18:22:23+00:00","dateModified":"2026-03-10T12:37:22+00:00","description":"Realizamos el Curso Basico para Manejo de Motocicleta - BRCu y obtenga su endoso en la licencia o su Licencia solamente para manejar Motocicleta en el Estado de la Florida - Miami y Hialea Gardens","breadcrumb":{"@id":"https:\/\/flmts.com\/es\/curso-basico-para-manejo-de-motocicleta\/#breadcrumb"},"inLanguage":"es","potentialAction":[{"@type":"ReadAction","target":["https:\/\/flmts.com\/es\/curso-basico-para-manejo-de-motocicleta\/"]}]},{"@type":"ImageObject","inLanguage":"es","@id":"https:\/\/flmts.com\/es\/curso-basico-para-manejo-de-motocicleta\/#primaryimage","url":"https:\/\/flmts.com\/wp-content\/uploads\/2018\/05\/Logo1.jpg","contentUrl":"https:\/\/flmts.com\/wp-content\/uploads\/2018\/05\/Logo1.jpg"},{"@type":"BreadcrumbList","@id":"https:\/\/flmts.com\/es\/curso-basico-para-manejo-de-motocicleta\/#breadcrumb","itemListElement":[{"@type":"ListItem","position":1,"name":"Home","item":"https:\/\/flmts.com\/es\/"},{"@type":"ListItem","position":2,"name":"Curso Basico para Manejo de Motocicleta eBRC"}]},{"@type":"WebSite","@id":"https:\/\/flmts.com\/#website","url":"https:\/\/flmts.com\/","name":"FL Motorcycle Training School","description":"Training &amp; School - Basic Rider Course","publisher":{"@id":"https:\/\/flmts.com\/#organization"},"potentialAction":[{"@type":"SearchAction","target":{"@type":"EntryPoint","urlTemplate":"https:\/\/flmts.com\/?s={search_term_string}"},"query-input":{"@type":"PropertyValueSpecification","valueRequired":true,"valueName":"search_term_string"}}],"inLanguage":"es"},{"@type":"Organization","@id":"https:\/\/flmts.com\/#organization","name":"FL Motorcycle Training School","url":"https:\/\/flmts.com\/","logo":{"@type":"ImageObject","inLanguage":"es","@id":"https:\/\/flmts.com\/#\/schema\/logo\/image\/","url":"https:\/\/flmts.com\/wp-content\/uploads\/2018\/05\/logo-Motorcycle3.png","contentUrl":"https:\/\/flmts.com\/wp-content\/uploads\/2018\/05\/logo-Motorcycle3.png","width":366,"height":200,"caption":"FL Motorcycle Training School"},"image":{"@id":"https:\/\/flmts.com\/#\/schema\/logo\/image\/"}}]}},"_links":{"self":[{"href":"https:\/\/flmts.com\/es\/wp-json\/wp\/v2\/pages\/741\/"}],"collection":[{"href":"https:\/\/flmts.com\/es\/wp-json\/wp\/v2\/pages\/"}],"about":[{"href":"https:\/\/flmts.com\/es\/wp-json\/wp\/v2\/types\/page\/"}],"author":[{"embeddable":true,"href":"https:\/\/flmts.com\/es\/wp-json\/wp\/v2\/users\/1\/"}],"replies":[{"embeddable":true,"href":"https:\/\/flmts.com\/es\/wp-json\/wp\/v2\/comments\/?post=741"}],"version-history":[{"count":39,"href":"https:\/\/flmts.com\/es\/wp-json\/wp\/v2\/pages\/741\/revisions\/"}],"predecessor-version":[{"id":1912,"href":"https:\/\/flmts.com\/es\/wp-json\/wp\/v2\/pages\/741\/revisions\/1912\/"}],"wp:attachment":[{"href":"https:\/\/flmts.com\/es\/wp-json\/wp\/v2\/media\/?parent=741"}],"curies":[{"name":"wp","href":"https:\/\/api.w.org\/{rel}","templated":true}]}}