{"id":744,"date":"2018-05-16T18:39:13","date_gmt":"2018-05-16T18:39:13","guid":{"rendered":"https:\/\/flmts.com\/?page_id=744\/"},"modified":"2026-03-10T12:28:09","modified_gmt":"2026-03-10T12:28:09","slug":"quienes-somos","status":"publish","type":"page","link":"https:\/\/flmts.com\/es\/quienes-somos\/","title":{"rendered":"Quienes Somos"},"content":{"rendered":"<p>[vc_row][vc_column][vc_column_text]<\/p>\n<h2>Quienes Somos\u2026<\/h2>\n<p>Nuestra \u00abEscuela de Capacitaci\u00f3n de Motociclistas de Florida\u00bb (FLMTS), en Espa\u00f1ol e Ingl\u00e9s, es una empresa familiar y certificada con licencia del Programa de Capacitaci\u00f3n de Motocicletas de Florida (FRTP). Nuestros Entrenadores de Motocicletas profesionales llevan a cabo el \u201cCurso B\u00e1sico de Motocicletas\u201d (BRC) de 2 d\u00edas de la Fundaci\u00f3n de Seguridad de Motocicletas (MSF), y como Examinadores del Estado de Florida, supervisan las dos pruebas del curso de Motocicletas exigidas por el estado. Al completar con \u00e9xito el BRC, no se requiere ninguna otra prueba. Usted califica para su endoso de Motocicletas de Florida, \u00a1as\u00ed que dir\u00edjase a su FLHSMV (DMV) para obtener su nueva licencia de conducir!<\/p>\n<p>Hialeah Gardens es nuestro sitio de entrenamiento privado de Motocicletas, conveniente y de f\u00e1cil acceso con nuestro sal\u00f3n de clases en el mismo lugar. El suelo pavimentado y sin problemas, las motocicletas mantenidas profesionalmente y los cascos que cumplen con DOT ofrecen los m\u00e1s altos est\u00e1ndares de seguridad para el entrenamiento de nuestros conductores. Nuestro sal\u00f3n de clases tiene aire acondicionado con comodidades multimedia y le proporcionamos su propio Manual BRC.<\/p>\n<p>Ofrecemos tres cursos semanales en Espa\u00f1ol (Examen Obligatoriamente en Ingl\u00e9s) e Ingl\u00e9s. Tambi\u00e9n podemos acomodar a personas que hablen franc\u00e9s, ruso, portugu\u00e9s y otros idiomas; llame a FLMTS para obtener m\u00e1s detalles antes de registrarse.<\/p>\n<h2>Nuestra experiencia, nuestro \u00e9xito &#8230;<\/h2>\n<p>Nuestra familia tiene m\u00e1s de 30 a\u00f1os en las industrias de motocicletas, operaci\u00f3n de equipos pesados \u200b\u200by conducci\u00f3n de camiones comerciales. En 2007 ampliamos nuestros servicios como \u00abEscuela t\u00e9cnica y de manejo de motocicletas y CDL\u00bb\u00a0 nuestra descendencia en r\u00e1pida expansi\u00f3n como \u00abEscuela de capacitaci\u00f3n de motocicletas de Florida\u00bb (FLMTS). Ofrecemos al estado de Florida MSF capacitaci\u00f3n para motocicletas BRC de 2 d\u00edas con un entrenador de motocicletas\u00a0 certificado por el estado de Florida, incluida la prueba de aprobaci\u00f3n de motocicletas por parte de un evaluador del estado de Florida, as\u00ed como cursos de manejo de camiones y prueba de licencia CDL de Florida.<\/p>\n<p>Todo el BRC se lleva a cabo en el sitio, en 2 d\u00edas. Nuestros Entrenadores de motocicletas de FLMTS est\u00e1n capacitados y autorizados por FRTP y, en total, tienen m\u00e1s de 30 a\u00f1os de experiencia, con m\u00e1s de 55 000 motociclistas exitosos \u00ablistos para el endoso de motocicletas\u00bb. Estos educadores profesionales y entrenadores de motocicletas tienen antecedentes diversos en \u00e1reas tales como examinador de motocicletas del DMV del estado de Florida, seguridad y etiqueta organizadas para montar en grupo, mec\u00e1nica de motocicletas y profesor universitario para programas de recreaci\u00f3n e instrucci\u00f3n deportiva. Sea cual sea el tipo de motocicleta que le guste, sea cual sea su estilo de conducci\u00f3n, nuestros Entrenadores de motocicletas est\u00e1n aqu\u00ed para facilitar y enriquecer su \u00e9xito en la conducci\u00f3n de FLMTS.<\/p>\n<p>Nuestra divisi\u00f3n de \u00abEscuela t\u00e9cnica de manejo de CDL\u00bb creci\u00f3 r\u00e1pidamente hasta convertirse en una de las principales escuelas e instalaciones de prueba: somos una compa\u00f1ia externa para la licencia de conducir comercial (CDL) con ubicaciones accesibles ubicadas en Homestead y Hialeah Gardens. Adem\u00e1s, llevamos a cabo todos los cursos de manejo en\u00a0Ingl\u00e9s ense\u00f1ando y capacitando c\u00f3mo operar veh\u00edculos comerciales como tractores, remolques, camiones Clase A y B, autobuses y montacargas. Los estudiantes vienen a CDL Technical Driving and Motorcycle School de todo EE. UU. e internacionalmente, y hablan muchos idiomas.<\/p>\n<h2>La excelencia en el servicio al cliente nos convierte en l\u00edderes de la industria&#8230;<\/h2>\n<p class=\"TextoPrincipal\" align=\"justify\">Nuestro excelente servicio al cliente y atenci\u00f3n personalizada ha ganado la reputaci\u00f3n de respetar y capacitar bien a nuestros estudiantes de acuerdo a sus necesidades individuales. Los comentarios de los estudiantes destacan experiencias de r\u00e1pido desarrollo de habilidades y conocimientos, disfrute y confianza durante su proceso educativo y posteriormente. \u00a1Nuestro compromiso es que te entrenes para convertirte en el mejor motociclista que aspiras a ser y que te diviertas mucho durante el proceso de aprendizaje para obtener tu licencia de conducir de endoso de motocicleta!<\/p>\n<h2 align=\"justify\">Nuestros mejores entrenadores de pasajeros con est\u00e1ndares de seguridad, examinadores del estado de Florida, campo de pr\u00e1cticas, motocicletas y aulas&#8230;<\/h2>\n<p>Nuestra propiedad privada de primer nivel en Hialeah Gardens tiene un area amplia y bellamente pavimentado de 90,000 pies cuadrados, listo para su experiencia de entrenamiento en motocicleta. Los mec\u00e1nicos profesionales mantienen nuestra flota de motocicletas de alta calidad, proporcionamos cascos que cumplen con DOT y, junto con nuestros Entrenadores de Motociclistas y Examinadores del Estado de Florida altamente calificados, estos contribuyen a la confianza de los motociclistas con los est\u00e1ndares superiores de seguridad y diversi\u00f3n de FLMTS. Nuestro sal\u00f3n de clases espacioso y con aire acondicionado est\u00e1 completamente equipado con multimedia para una experiencia de aprendizaje m\u00e1s placentera. Tambi\u00e9n recibe su propio manual BRC Basic RiderCourse y todos los suministros para que tenga \u00e9xito. Ya sea que necesite el Endoso de motocicleta, o quiera aprender a conducir o refrescar sus habilidades de conducci\u00f3n, cuente con nuestra asociaci\u00f3n personalizada FLMTS para sus objetivos individuales. \u00a1Con FLMTS lograr\u00e1s tus objetivos mientras te diviertes en tu camino hacia el \u00e9xito![\/vc_column_text][\/vc_column][\/vc_row][vc_row padding_top=\u00bb40px\u00bb padding_bottom=\u00bb40px\u00bb background_color=\u00bb#ffffff\u00bb background_image=\u00bb0&#8243;][vc_column][vc_column_text]<\/p>\n<p style=\"text-align: center;\"><a href=\"http:\/\/www.msf-usa.org\/Default.aspx\" target=\"_blank\" rel=\"noopener noreferrer\"><img loading=\"lazy\" decoding=\"async\" class=\"alignnone wp-image-682\" src=\"https:\/\/flmts.com\/wp-content\/uploads\/2018\/05\/Logo1.jpg\" alt=\"\" width=\"161\" height=\"60\" \/>\u00a0\u00a0\u00a0\u00a0\u00a0<\/a>\u00a0<a href=\"https:\/\/www.flhsmv.gov\/driver-licenses-id-cards\/motorcycle-rider-education-endorsements\/\" target=\"_blank\" rel=\"noopener noreferrer\"><img loading=\"lazy\" decoding=\"async\" class=\"alignnone wp-image-683\" src=\"https:\/\/flmts.com\/wp-content\/uploads\/2018\/05\/Logo2.jpg\" alt=\"\" width=\"135\" height=\"60\" \/><\/a><\/p>\n<p>[\/vc_column_text][\/vc_column][\/vc_row]<\/p>\n","protected":false},"excerpt":{"rendered":"<p>[vc_row][vc_column][vc_column_text] Quienes Somos\u2026 Nuestra \u00abEscuela de Capacitaci\u00f3n de Motociclistas de Florida\u00bb (FLMTS), en Espa\u00f1ol e Ingl\u00e9s, es una empresa familiar y certificada con licencia del Programa de Capacitaci\u00f3n de Motocicletas&#8230;<\/p>\n<p><a rel=\"bookmark\" class=\"more-link wolf-button border-button-accent-hover\" href=\"https:\/\/flmts.com\/es\/quienes-somos\/\">Leer m&aacute;s<\/a><\/p>\n","protected":false},"author":1,"featured_media":0,"parent":0,"menu_order":0,"comment_status":"open","ping_status":"open","template":"","meta":{"_exactmetrics_skip_tracking":false,"_exactmetrics_sitenote_active":false,"_exactmetrics_sitenote_note":"","_exactmetrics_sitenote_category":0,"footnotes":""},"class_list":["post-744","page","type-page","status-publish","hentry","no-thumbnail","text-only"],"yoast_head":"<!-- This site is optimized with the Yoast SEO plugin v23.4 - https:\/\/yoast.com\/wordpress\/plugins\/seo\/ -->\n<title>Quienes Somos - Florida Motorcycle Training School FLMTS<\/title>\n<meta name=\"robots\" content=\"index, follow, max-snippet:-1, max-image-preview:large, max-video-preview:-1\" \/>\n<link rel=\"canonical\" href=\"https:\/\/flmts.com\/es\/quienes-somos\/\" \/>\n<meta property=\"og:locale\" content=\"es_ES\" \/>\n<meta property=\"og:type\" content=\"article\" \/>\n<meta property=\"og:title\" content=\"Quienes Somos - Florida Motorcycle Training School FLMTS\" \/>\n<meta property=\"og:description\" content=\"[vc_row][vc_column][vc_column_text] Quienes Somos\u2026 Nuestra \u00abEscuela de Capacitaci\u00f3n de Motociclistas de Florida\u00bb (FLMTS), en Espa\u00f1ol e Ingl\u00e9s, es una empresa familiar y certificada con licencia del Programa de Capacitaci\u00f3n de Motocicletas...Leer m&aacute;s\" \/>\n<meta property=\"og:url\" content=\"https:\/\/flmts.com\/es\/quienes-somos\/\" \/>\n<meta property=\"og:site_name\" content=\"Florida Motorcycle Training School FLMTS\" \/>\n<meta property=\"article:modified_time\" content=\"2026-03-10T12:28:09+00:00\" \/>\n<meta property=\"og:image\" content=\"https:\/\/flmts.com\/wp-content\/uploads\/2018\/05\/Logo1.jpg\" \/>\n<meta name=\"twitter:card\" content=\"summary_large_image\" \/>\n<meta name=\"twitter:label1\" content=\"Tiempo de lectura\" \/>\n\t<meta name=\"twitter:data1\" content=\"5 minutos\" \/>\n<script type=\"application\/ld+json\" class=\"yoast-schema-graph\">{\"@context\":\"https:\/\/schema.org\",\"@graph\":[{\"@type\":\"WebPage\",\"@id\":\"https:\/\/flmts.com\/es\/quienes-somos\/\",\"url\":\"https:\/\/flmts.com\/es\/quienes-somos\/\",\"name\":\"Quienes Somos - Florida Motorcycle Training School FLMTS\",\"isPartOf\":{\"@id\":\"https:\/\/flmts.com\/#website\"},\"primaryImageOfPage\":{\"@id\":\"https:\/\/flmts.com\/es\/quienes-somos\/#primaryimage\"},\"image\":{\"@id\":\"https:\/\/flmts.com\/es\/quienes-somos\/#primaryimage\"},\"thumbnailUrl\":\"https:\/\/flmts.com\/wp-content\/uploads\/2018\/05\/Logo1.jpg\",\"datePublished\":\"2018-05-16T18:39:13+00:00\",\"dateModified\":\"2026-03-10T12:28:09+00:00\",\"breadcrumb\":{\"@id\":\"https:\/\/flmts.com\/es\/quienes-somos\/#breadcrumb\"},\"inLanguage\":\"es\",\"potentialAction\":[{\"@type\":\"ReadAction\",\"target\":[\"https:\/\/flmts.com\/es\/quienes-somos\/\"]}]},{\"@type\":\"ImageObject\",\"inLanguage\":\"es\",\"@id\":\"https:\/\/flmts.com\/es\/quienes-somos\/#primaryimage\",\"url\":\"https:\/\/flmts.com\/wp-content\/uploads\/2018\/05\/Logo1.jpg\",\"contentUrl\":\"https:\/\/flmts.com\/wp-content\/uploads\/2018\/05\/Logo1.jpg\"},{\"@type\":\"BreadcrumbList\",\"@id\":\"https:\/\/flmts.com\/es\/quienes-somos\/#breadcrumb\",\"itemListElement\":[{\"@type\":\"ListItem\",\"position\":1,\"name\":\"Home\",\"item\":\"https:\/\/flmts.com\/es\/\"},{\"@type\":\"ListItem\",\"position\":2,\"name\":\"Quienes Somos\"}]},{\"@type\":\"WebSite\",\"@id\":\"https:\/\/flmts.com\/#website\",\"url\":\"https:\/\/flmts.com\/\",\"name\":\"FL Motorcycle Training School\",\"description\":\"Training &amp; School - Basic Rider Course\",\"publisher\":{\"@id\":\"https:\/\/flmts.com\/#organization\"},\"potentialAction\":[{\"@type\":\"SearchAction\",\"target\":{\"@type\":\"EntryPoint\",\"urlTemplate\":\"https:\/\/flmts.com\/?s={search_term_string}\"},\"query-input\":{\"@type\":\"PropertyValueSpecification\",\"valueRequired\":true,\"valueName\":\"search_term_string\"}}],\"inLanguage\":\"es\"},{\"@type\":\"Organization\",\"@id\":\"https:\/\/flmts.com\/#organization\",\"name\":\"FL Motorcycle Training School\",\"url\":\"https:\/\/flmts.com\/\",\"logo\":{\"@type\":\"ImageObject\",\"inLanguage\":\"es\",\"@id\":\"https:\/\/flmts.com\/#\/schema\/logo\/image\/\",\"url\":\"https:\/\/flmts.com\/wp-content\/uploads\/2018\/05\/logo-Motorcycle3.png\",\"contentUrl\":\"https:\/\/flmts.com\/wp-content\/uploads\/2018\/05\/logo-Motorcycle3.png\",\"width\":366,\"height\":200,\"caption\":\"FL Motorcycle Training School\"},\"image\":{\"@id\":\"https:\/\/flmts.com\/#\/schema\/logo\/image\/\"}}]}<\/script>\n<!-- \/ Yoast SEO plugin. -->","yoast_head_json":{"title":"Quienes Somos - Florida Motorcycle Training School FLMTS","robots":{"index":"index","follow":"follow","max-snippet":"max-snippet:-1","max-image-preview":"max-image-preview:large","max-video-preview":"max-video-preview:-1"},"canonical":"https:\/\/flmts.com\/es\/quienes-somos\/","og_locale":"es_ES","og_type":"article","og_title":"Quienes Somos - Florida Motorcycle Training School FLMTS","og_description":"[vc_row][vc_column][vc_column_text] Quienes Somos\u2026 Nuestra \u00abEscuela de Capacitaci\u00f3n de Motociclistas de Florida\u00bb (FLMTS), en Espa\u00f1ol e Ingl\u00e9s, es una empresa familiar y certificada con licencia del Programa de Capacitaci\u00f3n de Motocicletas...Leer m&aacute;s","og_url":"https:\/\/flmts.com\/es\/quienes-somos\/","og_site_name":"Florida Motorcycle Training School FLMTS","article_modified_time":"2026-03-10T12:28:09+00:00","og_image":[{"url":"https:\/\/flmts.com\/wp-content\/uploads\/2018\/05\/Logo1.jpg"}],"twitter_card":"summary_large_image","twitter_misc":{"Tiempo de lectura":"5 minutos"},"schema":{"@context":"https:\/\/schema.org","@graph":[{"@type":"WebPage","@id":"https:\/\/flmts.com\/es\/quienes-somos\/","url":"https:\/\/flmts.com\/es\/quienes-somos\/","name":"Quienes Somos - Florida Motorcycle Training School FLMTS","isPartOf":{"@id":"https:\/\/flmts.com\/#website"},"primaryImageOfPage":{"@id":"https:\/\/flmts.com\/es\/quienes-somos\/#primaryimage"},"image":{"@id":"https:\/\/flmts.com\/es\/quienes-somos\/#primaryimage"},"thumbnailUrl":"https:\/\/flmts.com\/wp-content\/uploads\/2018\/05\/Logo1.jpg","datePublished":"2018-05-16T18:39:13+00:00","dateModified":"2026-03-10T12:28:09+00:00","breadcrumb":{"@id":"https:\/\/flmts.com\/es\/quienes-somos\/#breadcrumb"},"inLanguage":"es","potentialAction":[{"@type":"ReadAction","target":["https:\/\/flmts.com\/es\/quienes-somos\/"]}]},{"@type":"ImageObject","inLanguage":"es","@id":"https:\/\/flmts.com\/es\/quienes-somos\/#primaryimage","url":"https:\/\/flmts.com\/wp-content\/uploads\/2018\/05\/Logo1.jpg","contentUrl":"https:\/\/flmts.com\/wp-content\/uploads\/2018\/05\/Logo1.jpg"},{"@type":"BreadcrumbList","@id":"https:\/\/flmts.com\/es\/quienes-somos\/#breadcrumb","itemListElement":[{"@type":"ListItem","position":1,"name":"Home","item":"https:\/\/flmts.com\/es\/"},{"@type":"ListItem","position":2,"name":"Quienes Somos"}]},{"@type":"WebSite","@id":"https:\/\/flmts.com\/#website","url":"https:\/\/flmts.com\/","name":"FL Motorcycle Training School","description":"Training &amp; School - Basic Rider Course","publisher":{"@id":"https:\/\/flmts.com\/#organization"},"potentialAction":[{"@type":"SearchAction","target":{"@type":"EntryPoint","urlTemplate":"https:\/\/flmts.com\/?s={search_term_string}"},"query-input":{"@type":"PropertyValueSpecification","valueRequired":true,"valueName":"search_term_string"}}],"inLanguage":"es"},{"@type":"Organization","@id":"https:\/\/flmts.com\/#organization","name":"FL Motorcycle Training School","url":"https:\/\/flmts.com\/","logo":{"@type":"ImageObject","inLanguage":"es","@id":"https:\/\/flmts.com\/#\/schema\/logo\/image\/","url":"https:\/\/flmts.com\/wp-content\/uploads\/2018\/05\/logo-Motorcycle3.png","contentUrl":"https:\/\/flmts.com\/wp-content\/uploads\/2018\/05\/logo-Motorcycle3.png","width":366,"height":200,"caption":"FL Motorcycle Training School"},"image":{"@id":"https:\/\/flmts.com\/#\/schema\/logo\/image\/"}}]}},"_links":{"self":[{"href":"https:\/\/flmts.com\/es\/wp-json\/wp\/v2\/pages\/744\/"}],"collection":[{"href":"https:\/\/flmts.com\/es\/wp-json\/wp\/v2\/pages\/"}],"about":[{"href":"https:\/\/flmts.com\/es\/wp-json\/wp\/v2\/types\/page\/"}],"author":[{"embeddable":true,"href":"https:\/\/flmts.com\/es\/wp-json\/wp\/v2\/users\/1\/"}],"replies":[{"embeddable":true,"href":"https:\/\/flmts.com\/es\/wp-json\/wp\/v2\/comments\/?post=744"}],"version-history":[{"count":12,"href":"https:\/\/flmts.com\/es\/wp-json\/wp\/v2\/pages\/744\/revisions\/"}],"predecessor-version":[{"id":1909,"href":"https:\/\/flmts.com\/es\/wp-json\/wp\/v2\/pages\/744\/revisions\/1909\/"}],"wp:attachment":[{"href":"https:\/\/flmts.com\/es\/wp-json\/wp\/v2\/media\/?parent=744"}],"curies":[{"name":"wp","href":"https:\/\/api.w.org\/{rel}","templated":true}]}}