{"id":750,"date":"2015-04-14T13:10:19","date_gmt":"2015-04-14T13:10:19","guid":{"rendered":"https:\/\/flmts.com\/?page_id=750\/"},"modified":"2026-02-28T04:30:20","modified_gmt":"2026-02-28T04:30:20","slug":"curso-basico-para-manejo-de-motocicleta-2","status":"publish","type":"page","link":"https:\/\/flmts.com\/es\/","title":{"rendered":"Home"},"content":{"rendered":"<p>[vc_row content_type=\u00bblarge\u00bb padding_top=\u00bb80&#8243; padding_bottom=\u00bb80&#8243; font_type=\u00bblight\u00bb background_image=\u00bb0&#8243; background_repeat=\u00bbrepeat\u00bb background_size=\u00bbdefault\u00bb][vc_column]<h3  style='line-height:1;font-weight:300;letter-spacing:0px;font-family:Oswald;text-transform:none;' class='fittext text-center clearfix wow fadeInUp' data-max-font-size='30'>Somos una empresa profesional de entrenamiento para motocicletas en la Florida, ofrecemos el Curso basico para Manejo de Motocicleta, actualmente localizados en Hialeah Gardens y Homestead, ll\u00e1menos ahora al (305) 822-0666 y obtenga su endoso de motocicleta para la licencia de la florida.<\/h3>[\/vc_column][\/vc_row][vc_row padding_top=\u00bb25&#8243; padding_bottom=\u00bb15&#8243; background_image=\u00bb0&#8243;][vc_column]<h2  style='line-height:1;font-weight:500;letter-spacing:0px;text-transform:uppercase;color:#424242;' class='fittext text-center clearfix' data-max-font-size='55'>BENEFICIOS<\/h2>[vc_column_text]FLMTS ofrece el Curso basico para manejo de motocicleta (eBRC) del <em>Motorcycle Safety Foundation (MSF)<\/em>, nuestro entrenamiento de manejo de motocicleta autorizado por la Programa de Entrenamiento de Manejo de la Florida (FRTP),\u00a0 es el m\u00e1s aclamado, seguro y completo en los Estados Unidos y Canad\u00e1. Si usted es un nuevo motociclista y deasea aprender o refrescar sus habilidades de manejo, nosotros somos los indicados. Despu\u00e9s de completar correctamente el curso de 2 d\u00edas en FLMTS, usted obtendr\u00e1 su endoso de motocicleta de la Florida en su licencia de manejar o la Licencia de Motocicleta ![\/vc_column_text][\/vc_column][\/vc_row][vc_row content_type=\u00bblarge\u00bb padding_top=\u00bb55&#8243; padding_bottom=\u00bb55&#8243; background_image=\u00bb0&#8243;][vc_column width=\u00bb1\/3&#8243;][vc_icon icon_fontawesome=\u00bbfa fa-map-o\u00bb color=\u00bbwhite\u00bb background_style=\u00bbrounded\u00bb background_color=\u00bbcustom\u00bb size=\u00bbxl\u00bb align=\u00bbcenter\u00bb custom_background_color=\u00bb#ff9021&#8243;][vc_column_text]<\/p>\n<p style=\"text-align: center;\"><strong>DOS LOCALIZACIONES<\/strong><\/p>\n<p>[\/vc_column_text][vc_column_text]Operamos en dos hermosos y accesibles pistas de entrenamiento ubicada en\u00a0Hialeah <a href=\"https:\/\/flmts.com\/es\/localizaciones\/\">Gardens<\/a>. Nuestras \u00e1reas de entrenamiento son f\u00e1ciles de llegar, est\u00e1n reci\u00e9n pavimentadas y nuestras aulas cuentan con aire acondicionado. Tambi\u00e9n le proporcionamos el manual de Curso Basico de Motocycleta MSF y motocicletas para su curso.[\/vc_column_text][\/vc_column][vc_column width=\u00bb1\/3&#8243;][vc_icon icon_fontawesome=\u00bbfa fa-shield\u00bb color=\u00bbwhite\u00bb background_style=\u00bbrounded\u00bb background_color=\u00bbcustom\u00bb size=\u00bbxl\u00bb align=\u00bbcenter\u00bb custom_background_color=\u00bb#ff9021&#8243;][vc_column_text]<\/p>\n<p style=\"text-align: center;\"><strong>DESCUENTO EN SEGUROS<\/strong><\/p>\n<p>[\/vc_column_text][vc_column_text]\u00a1Los costos del seguro pueden bajar! Completar con \u00e9xito el FLMTS eBRC puede otorgarle el derecho a descuentos de primas de seguros para su motocicleta y su autom\u00f3vil. \u00a1Llame a su compa\u00f1\u00eda de seguros para preguntar![\/vc_column_text][\/vc_column][vc_column width=\u00bb1\/3&#8243;][vc_icon icon_fontawesome=\u00bbfa fa-motorcycle\u00bb color=\u00bbwhite\u00bb background_style=\u00bbrounded\u00bb background_color=\u00bbcustom\u00bb size=\u00bbxl\u00bb align=\u00bbcenter\u00bb custom_background_color=\u00bb#ff9021&#8243;][vc_column_text]<\/p>\n<p style=\"text-align: center;\"><strong>HABILIDADES ESPECIALES DE MANEJO Y SEGURIDAD<\/strong><\/p>\n<p>[\/vc_column_text][vc_column_text]Ofrecemos el Curso basico para Manejo de Motocicleta eBRC en 2 d\u00edas, 15 horas de MSF seg\u00fan lo exige el FRTP para el Endoso de Motocicletas, proporcionando a los pasajeros los conocimientos para conducir de forma segura y responsable en las calles y autopistas p\u00fablicas. Realice nuestro curso, ya sea que desee aprender a montar moto, actualizar sus habilidades o necesite el Endoso de motocicleta.[\/vc_column_text][\/vc_column][\/vc_row][vc_row content_type=\u00bblarge\u00bb padding_top=\u00bb55&#8243; padding_bottom=\u00bb55&#8243; background_image=\u00bb0&#8243;][vc_column width=\u00bb1\/3&#8243;][vc_icon icon_fontawesome=\u00bbfa fa-user-circle-o\u00bb color=\u00bbwhite\u00bb background_style=\u00bbrounded\u00bb background_color=\u00bbcustom\u00bb size=\u00bbxl\u00bb align=\u00bbcenter\u00bb custom_background_color=\u00bb#ff9021&#8243;][vc_column_text]<\/p>\n<p style=\"text-align: center;\"><strong>ENTRENADORES PROFESIONALES<\/strong><\/p>\n<p>[\/vc_column_text][vc_column_text]Nuestros entrenadores de manejo FLMTS m\u00e1s de 5 d\u00e9cadas de experiencia entrenando y evaluando a m\u00e1s de 50,000 motociclistas exitosos \u00abCon sus endosos de motocicletas\u00bb. Nuestros educadores profesionales y formadores de motociclistas tienen diversos antecedentes en \u00e1reas como el examinador de motocicletas DMV del Estado de Florida, miembro y capacitador de la exposici\u00f3n \u00abdrill-team\u00bb, seguridad y etiqueta organizado por group-riding safety &amp; etiquette, mec\u00e1nicos de motocicletas y profesor universitario de deportes, instrucci\u00f3n y recreaci\u00f3n programas. \u00a1Cualquiera que sea el tipo de motocicleta que te guste, nuestros entrenadores de manejo est\u00e1n aqu\u00ed para facilitar y enriquecer tu \u00e9xito de manejo en FLMTS![\/vc_column_text][\/vc_column][vc_column width=\u00bb1\/3&#8243;][vc_icon icon_fontawesome=\u00bbfa fa-calendar\u00bb color=\u00bbwhite\u00bb background_style=\u00bbrounded\u00bb background_color=\u00bbcustom\u00bb size=\u00bbxl\u00bb align=\u00bbcenter\u00bb custom_background_color=\u00bb#ff9021&#8243;][vc_column_text]<\/p>\n<p style=\"text-align: center;\"><strong>VARIOS CURSOS AL MES<\/strong><\/p>\n<p>[\/vc_column_text][vc_column_text]Los cursos se ofrecen los d\u00edas entre semana y los fines de semana, durante el d\u00eda y la noche, con clases grupales o clases privadas. <a href=\"https:\/\/flmts.com\/es\/incribase-en-el-curso-basico-para-motocicleta\/\">Reg\u00edstrese en l\u00ednea<\/a>, aparte su puesto o ll\u00e1menos ahora a Miami al (305) 649-5344, o Hialeah Gardens al (305) 822-0666.[\/vc_column_text][\/vc_column][vc_column width=\u00bb1\/3&#8243;][vc_icon icon_fontawesome=\u00bbfa fa-id-card\u00bb color=\u00bbwhite\u00bb background_style=\u00bbrounded\u00bb background_color=\u00bbcustom\u00bb size=\u00bbxl\u00bb align=\u00bbcenter\u00bb custom_background_color=\u00bb#ff9021&#8243;][vc_column_text]<\/p>\n<p style=\"text-align: center;\"><strong>ENDOSO DE MOTOCICLETA EN LA LICENCIA<\/strong><\/p>\n<p>[\/vc_column_text][vc_column_text]Grad\u00faate de eBRC en FLMTS\u00a0 \u00a1y listo! \u00a1Al completar con \u00e9xito nuestro eBRC (Curso de manejo para motocicleta de la Florida), que incluye la Prueba de Conocimiento y la Evaluaci\u00f3n de Habilidades para Motociclistas, no se requieren otras pruebas! Simplemente dir\u00edjase a su oficina m\u00e1s cercana de <a href=\"https:\/\/www.flhsmv.gov\/locations\/\" target=\"_blank\" rel=\"noopener noreferrer\">Florida Highway Safety and Motor Vehicles location<\/a> para recibir su nueva licencia de conducir de Florida con el endoso de \u00abmotocicleta tambi\u00e9n\u00bb o \u00absolo la licencia para motocicleta\u00bb.[\/vc_column_text][\/vc_column][\/vc_row][vc_row parallax_speed_bg=\u00bb1.8&#8243; content_type=\u00bblarge\u00bb padding_top=\u00bb140px\u00bb padding_bottom=\u00bb140px\u00bb font_type=\u00bblight\u00bb background_image=\u00bb313&#8243; parallax=\u00bb1&#8243; overlay=\u00bbyes\u00bb overlay_image=\u00bb0&#8243; overlay_opacity=\u00bb60&#8243;][vc_column][vc_column_text]<\/p>\n<h2 style=\"text-align: center;\"><span style=\"color: #ff6600;\">SU OPINION CUENTA<\/span><\/h2>\n<p>[\/vc_column_text]<section class='testimonials-container'><div data-pause-on-hover='true'\r\n\t\tdata-autoplay='true'\r\n\t\tdata-transition='auto'\r\n\t\tdata-slideshow-speed='6000'\r\n\t\tdata-nav-arrows='true'\r\n\t\tdata-nav-bullets='true' class='testimonials-slider'><div class='slide'><div class='testimonal-container'><blockquote class='testimonial-content'>Estupenda escuela, gran staff e instructores, Les recomiendo este lugar a los dem\u00e1s<cite class=\"testimonial-cite\">Miguel Hernandez<\/cite><\/blockquote><\/div>\r\n\t\t<\/div><div class='slide'><div class='testimonal-container'><blockquote class='testimonial-content'>Muy buen servicio. Gerente, Instructores&#8230; personas agradables!<cite class=\"testimonial-cite\">Walter Silveira<\/cite><\/blockquote><\/div>\r\n\t\t<\/div><\/div><\/section>[\/vc_column][\/vc_row][vc_row padding_top=\u00bb40px\u00bb padding_bottom=\u00bb40px\u00bb background_image=\u00bb0&#8243;][vc_column][vc_column_text]<\/p>\n<h3 style=\"text-align: center;\"><span style=\"color: #ff6600;\">Pasos para obtener el endoso de motocicleta en la licencia de la Florida o tu \u00abLicencia de Motocicleta\u00bb<\/span><\/h3>\n<p>[\/vc_column_text][vc_empty_space height=\u00bb20px\u00bb][vc_btn title=\u00bbVER PASOS\u00bb style=\u00bboutline\u00bb shape=\u00bbsquare\u00bb color=\u00bbinverse\u00bb align=\u00bbcenter\u00bb link=\u00bburl:https%3A%2F%2Fflmts.com%2Fteps-to-obtain-your-motorcycle-endorsement-on-your-florida-driver-license-or-your-motorcycle-only-driver-license%2F|||\u00bb][\/vc_column][\/vc_row][vc_row font_type=\u00bblight\u00bb background_image=\u00bb448&#8243; background_repeat=\u00bbrepeat\u00bb background_size=\u00bbdefault\u00bb][vc_column][vc_column_text]<\/p>\n<h2 style=\"text-align: center;\">Ultimos Videos<\/h2>\n<p>[\/vc_column_text][vc_empty_space height=\u00bb30&#8243;]<div class='buttons-container wow fadeInUp text-center'><\/div>[\/vc_column][\/vc_row][vc_row background_type=\u00bbvideo\u00bb video_bg_type=\u00bbselfhosted\u00bb video_bg_mp4=\u00bbhttps:\/\/assets.wolfthemes.com\/tf\/motoblog\/wheel.mp4&#8243; video_bg_img=\u00bb490&#8243;][vc_column][vc_empty_space height=\u00bb250px\u00bb][\/vc_column][\/vc_row][vc_row padding_top=\u00bb80&#8243; padding_bottom=\u00bb80&#8243; background_image=\u00bb0&#8243;][vc_column][vc_column_text]<\/p>\n<h1 style=\"text-align: center;\"><span style=\"color: #ff6600;\">HIALEAH GARDENS<\/span><\/h1>\n<h4 style=\"text-align: center;\"><span style=\"color: #ff6600;\">Curso Basico de Motocicleta e<\/span><span style=\"color: #ff6600;\">BRC obligatoriamente en<\/span><span style=\"color: #ff6600;\">\u00a0Ingl\u00e9s\u00a0<\/span><\/h4>\n<h6 id=\"tw-target-text\" class=\"tw-data-text tw-ta tw-text-medium\" dir=\"ltr\" style=\"text-align: center;\" data-placeholder=\"Traducci\u00f3n\"><span lang=\"en\">Tel\u00e9fono: 305-822-0666<br \/>\nDirecci\u00f3n: 14420 NW 107 Avenida,<br \/>\nHialeah Gardens, FL 33018<\/span><\/h6>\n<p>[\/vc_column_text][\/vc_column][\/vc_row][vc_row padding_top=\u00bb30&#8243; padding_bottom=\u00bb30&#8243; font_type=\u00bblight\u00bb background_color=\u00bb#ff6600&#8243; background_image=\u00bb0&#8243;][vc_column]<div class='call-to-action clearfix'><div class=\"call-to-action-text\"><h4 class='call-to-action-title'>\u00bfEstas preparado para el CURSO BASICO DE MANEJO DE MOTOCICLETA?<\/h4><p>Solo $389 - Disponible \u00fanicamente en Ingl\u00e9s<\/p><\/div><div class=\"call-to-action-button\"><a  class='wolf-button large square icon_after border-button' href='https:\/\/flmts.com\/calendar\/' target='_self'>ENROLL NOW<i class='fa fa-shopping-cart'><\/i> <\/a><\/div><\/div>[\/vc_column][\/vc_row][vc_row background_color=\u00bb#1e73be\u00bb background_image=\u00bb0&#8243;][vc_column width=\u00bb1\/2&#8243;][vc_column_text]<\/p>\n<h3><span style=\"color: #ffffff;\">\u00bfESTAS INTERESADO EN OBTENER LA LICENCIA COMERCIAL CDL?<\/span><\/h3>\n<p><strong><span style=\"color: #ffffff;\">Gana mucho dinero en esta insdustria, nosotros te podemos ayudar<\/span><\/strong><br \/>\n<strong><span style=\"color: #ffffff;\">Curso y Examen de CDL &#8211; Clase A, B, BUS, CA<\/span><\/strong><\/p>\n<p><span class='button-container'><a  class='wolf-button medium square icon_after accent-color' href='http:\/\/cdltmds.com\/' target='_self'>Ver m\u00e1s<\/a><\/span>[\/vc_column_text][\/vc_column][vc_column width=\u00bb1\/2&#8243;]<div class='wolf-single-image text-center hover-none default'><a href='http:\/\/www.cdltmds.com' target='_self'><img src='https:\/\/flmts.com\/wp-content\/uploads\/2018\/06\/Slider3.jpg' alt=''  class=''><\/a><\/div>[\/vc_column][\/vc_row]<\/p>\n","protected":false},"excerpt":{"rendered":"<p>[vc_row content_type=\u00bblarge\u00bb padding_top=\u00bb80&#8243; padding_bottom=\u00bb80&#8243; font_type=\u00bblight\u00bb background_image=\u00bb0&#8243; background_repeat=\u00bbrepeat\u00bb background_size=\u00bbdefault\u00bb][vc_column][\/vc_column][\/vc_row][vc_row padding_top=\u00bb25&#8243; padding_bottom=\u00bb15&#8243; background_image=\u00bb0&#8243;][vc_column][vc_column_text]FLMTS ofrece el Curso basico para manejo de motocicleta (eBRC) del Motorcycle Safety Foundation (MSF), nuestro entrenamiento de manejo de&#8230;<\/p>\n<p><a rel=\"bookmark\" class=\"more-link wolf-button border-button-accent-hover\" href=\"https:\/\/flmts.com\/es\/\">Leer m&aacute;s<\/a><\/p>\n","protected":false},"author":1,"featured_media":0,"parent":0,"menu_order":0,"comment_status":"open","ping_status":"closed","template":"page-templates\/home.php","meta":{"_exactmetrics_skip_tracking":false,"_exactmetrics_sitenote_active":false,"_exactmetrics_sitenote_note":"","_exactmetrics_sitenote_category":0,"footnotes":""},"class_list":["post-750","page","type-page","status-publish","hentry","no-thumbnail","text-only"],"yoast_head":"<!-- This site is optimized with the Yoast SEO plugin v23.4 - https:\/\/yoast.com\/wordpress\/plugins\/seo\/ -->\n<title>Curso basico para Manejo de Motocicleta (BRCu) Miami Florida Disponible en Ingles<\/title>\n<meta name=\"description\" content=\"Curso basico para manejo de motocicleta de 2 y 3 ruedas (BRCu) en Miami Florida, 15 horas de entrenamiento disctados en 2 dias, es el m\u00e1s aclamado, seguro y completo, obtenga exitosamente el endoso de motocicleta de la Florida en su licencia de conducir o la Licencia de Motocicleta. Entrenamos unicamente en ingles\" \/>\n<meta name=\"robots\" content=\"index, follow, max-snippet:-1, max-image-preview:large, max-video-preview:-1\" \/>\n<link rel=\"canonical\" href=\"https:\/\/flmts.com\/es\/\" \/>\n<meta property=\"og:locale\" content=\"es_ES\" \/>\n<meta property=\"og:type\" content=\"article\" \/>\n<meta property=\"og:title\" content=\"Curso basico para Manejo de Motocicleta (BRCu) Miami Florida Disponible en Ingles\" \/>\n<meta property=\"og:description\" content=\"Curso basico para manejo de motocicleta de 2 y 3 ruedas (BRCu) en Miami Florida, 15 horas de entrenamiento disctados en 2 dias, es el m\u00e1s aclamado, seguro y completo, obtenga exitosamente el endoso de motocicleta de la Florida en su licencia de conducir o la Licencia de Motocicleta. Entrenamos unicamente en ingles\" \/>\n<meta property=\"og:url\" content=\"https:\/\/flmts.com\/es\/\" \/>\n<meta property=\"og:site_name\" content=\"Florida Motorcycle Training School FLMTS\" \/>\n<meta property=\"article:modified_time\" content=\"2026-02-28T04:30:20+00:00\" \/>\n<meta name=\"twitter:card\" content=\"summary_large_image\" \/>\n<meta name=\"twitter:label1\" content=\"Tiempo de lectura\" \/>\n\t<meta name=\"twitter:data1\" content=\"4 minutos\" \/>\n<script type=\"application\/ld+json\" class=\"yoast-schema-graph\">{\"@context\":\"https:\/\/schema.org\",\"@graph\":[{\"@type\":\"WebPage\",\"@id\":\"https:\/\/flmts.com\/es\/\",\"url\":\"https:\/\/flmts.com\/es\/\",\"name\":\"Curso basico para Manejo de Motocicleta (BRCu) Miami Florida Disponible en Ingles\",\"isPartOf\":{\"@id\":\"https:\/\/flmts.com\/#website\"},\"datePublished\":\"2015-04-14T13:10:19+00:00\",\"dateModified\":\"2026-02-28T04:30:20+00:00\",\"description\":\"Curso basico para manejo de motocicleta de 2 y 3 ruedas (BRCu) en Miami Florida, 15 horas de entrenamiento disctados en 2 dias, es el m\u00e1s aclamado, seguro y completo, obtenga exitosamente el endoso de motocicleta de la Florida en su licencia de conducir o la Licencia de Motocicleta. Entrenamos unicamente en ingles\",\"breadcrumb\":{\"@id\":\"https:\/\/flmts.com\/es\/#breadcrumb\"},\"inLanguage\":\"es\",\"potentialAction\":[{\"@type\":\"ReadAction\",\"target\":[\"https:\/\/flmts.com\/es\/\"]}]},{\"@type\":\"BreadcrumbList\",\"@id\":\"https:\/\/flmts.com\/es\/#breadcrumb\",\"itemListElement\":[{\"@type\":\"ListItem\",\"position\":1,\"name\":\"Home\",\"item\":\"https:\/\/flmts.com\/es\/\"},{\"@type\":\"ListItem\",\"position\":2,\"name\":\"Home\"}]},{\"@type\":\"WebSite\",\"@id\":\"https:\/\/flmts.com\/#website\",\"url\":\"https:\/\/flmts.com\/\",\"name\":\"FL Motorcycle Training School\",\"description\":\"Training &amp; School - Basic Rider Course\",\"publisher\":{\"@id\":\"https:\/\/flmts.com\/#organization\"},\"potentialAction\":[{\"@type\":\"SearchAction\",\"target\":{\"@type\":\"EntryPoint\",\"urlTemplate\":\"https:\/\/flmts.com\/?s={search_term_string}\"},\"query-input\":{\"@type\":\"PropertyValueSpecification\",\"valueRequired\":true,\"valueName\":\"search_term_string\"}}],\"inLanguage\":\"es\"},{\"@type\":\"Organization\",\"@id\":\"https:\/\/flmts.com\/#organization\",\"name\":\"FL Motorcycle Training School\",\"url\":\"https:\/\/flmts.com\/\",\"logo\":{\"@type\":\"ImageObject\",\"inLanguage\":\"es\",\"@id\":\"https:\/\/flmts.com\/#\/schema\/logo\/image\/\",\"url\":\"https:\/\/flmts.com\/wp-content\/uploads\/2018\/05\/logo-Motorcycle3.png\",\"contentUrl\":\"https:\/\/flmts.com\/wp-content\/uploads\/2018\/05\/logo-Motorcycle3.png\",\"width\":366,\"height\":200,\"caption\":\"FL Motorcycle Training School\"},\"image\":{\"@id\":\"https:\/\/flmts.com\/#\/schema\/logo\/image\/\"}}]}<\/script>\n<!-- \/ Yoast SEO plugin. -->","yoast_head_json":{"title":"Curso basico para Manejo de Motocicleta (BRCu) Miami Florida Disponible en Ingles","description":"Curso basico para manejo de motocicleta de 2 y 3 ruedas (BRCu) en Miami Florida, 15 horas de entrenamiento disctados en 2 dias, es el m\u00e1s aclamado, seguro y completo, obtenga exitosamente el endoso de motocicleta de la Florida en su licencia de conducir o la Licencia de Motocicleta. Entrenamos unicamente en ingles","robots":{"index":"index","follow":"follow","max-snippet":"max-snippet:-1","max-image-preview":"max-image-preview:large","max-video-preview":"max-video-preview:-1"},"canonical":"https:\/\/flmts.com\/es\/","og_locale":"es_ES","og_type":"article","og_title":"Curso basico para Manejo de Motocicleta (BRCu) Miami Florida Disponible en Ingles","og_description":"Curso basico para manejo de motocicleta de 2 y 3 ruedas (BRCu) en Miami Florida, 15 horas de entrenamiento disctados en 2 dias, es el m\u00e1s aclamado, seguro y completo, obtenga exitosamente el endoso de motocicleta de la Florida en su licencia de conducir o la Licencia de Motocicleta. Entrenamos unicamente en ingles","og_url":"https:\/\/flmts.com\/es\/","og_site_name":"Florida Motorcycle Training School FLMTS","article_modified_time":"2026-02-28T04:30:20+00:00","twitter_card":"summary_large_image","twitter_misc":{"Tiempo de lectura":"4 minutos"},"schema":{"@context":"https:\/\/schema.org","@graph":[{"@type":"WebPage","@id":"https:\/\/flmts.com\/es\/","url":"https:\/\/flmts.com\/es\/","name":"Curso basico para Manejo de Motocicleta (BRCu) Miami Florida Disponible en Ingles","isPartOf":{"@id":"https:\/\/flmts.com\/#website"},"datePublished":"2015-04-14T13:10:19+00:00","dateModified":"2026-02-28T04:30:20+00:00","description":"Curso basico para manejo de motocicleta de 2 y 3 ruedas (BRCu) en Miami Florida, 15 horas de entrenamiento disctados en 2 dias, es el m\u00e1s aclamado, seguro y completo, obtenga exitosamente el endoso de motocicleta de la Florida en su licencia de conducir o la Licencia de Motocicleta. Entrenamos unicamente en ingles","breadcrumb":{"@id":"https:\/\/flmts.com\/es\/#breadcrumb"},"inLanguage":"es","potentialAction":[{"@type":"ReadAction","target":["https:\/\/flmts.com\/es\/"]}]},{"@type":"BreadcrumbList","@id":"https:\/\/flmts.com\/es\/#breadcrumb","itemListElement":[{"@type":"ListItem","position":1,"name":"Home","item":"https:\/\/flmts.com\/es\/"},{"@type":"ListItem","position":2,"name":"Home"}]},{"@type":"WebSite","@id":"https:\/\/flmts.com\/#website","url":"https:\/\/flmts.com\/","name":"FL Motorcycle Training School","description":"Training &amp; School - Basic Rider Course","publisher":{"@id":"https:\/\/flmts.com\/#organization"},"potentialAction":[{"@type":"SearchAction","target":{"@type":"EntryPoint","urlTemplate":"https:\/\/flmts.com\/?s={search_term_string}"},"query-input":{"@type":"PropertyValueSpecification","valueRequired":true,"valueName":"search_term_string"}}],"inLanguage":"es"},{"@type":"Organization","@id":"https:\/\/flmts.com\/#organization","name":"FL Motorcycle Training School","url":"https:\/\/flmts.com\/","logo":{"@type":"ImageObject","inLanguage":"es","@id":"https:\/\/flmts.com\/#\/schema\/logo\/image\/","url":"https:\/\/flmts.com\/wp-content\/uploads\/2018\/05\/logo-Motorcycle3.png","contentUrl":"https:\/\/flmts.com\/wp-content\/uploads\/2018\/05\/logo-Motorcycle3.png","width":366,"height":200,"caption":"FL Motorcycle Training School"},"image":{"@id":"https:\/\/flmts.com\/#\/schema\/logo\/image\/"}}]}},"_links":{"self":[{"href":"https:\/\/flmts.com\/es\/wp-json\/wp\/v2\/pages\/750\/"}],"collection":[{"href":"https:\/\/flmts.com\/es\/wp-json\/wp\/v2\/pages\/"}],"about":[{"href":"https:\/\/flmts.com\/es\/wp-json\/wp\/v2\/types\/page\/"}],"author":[{"embeddable":true,"href":"https:\/\/flmts.com\/es\/wp-json\/wp\/v2\/users\/1\/"}],"replies":[{"embeddable":true,"href":"https:\/\/flmts.com\/es\/wp-json\/wp\/v2\/comments\/?post=750"}],"version-history":[{"count":32,"href":"https:\/\/flmts.com\/es\/wp-json\/wp\/v2\/pages\/750\/revisions\/"}],"predecessor-version":[{"id":1888,"href":"https:\/\/flmts.com\/es\/wp-json\/wp\/v2\/pages\/750\/revisions\/1888\/"}],"wp:attachment":[{"href":"https:\/\/flmts.com\/es\/wp-json\/wp\/v2\/media\/?parent=750"}],"curies":[{"name":"wp","href":"https:\/\/api.w.org\/{rel}","templated":true}]}}