{"id":962,"date":"2018-05-25T17:40:41","date_gmt":"2018-05-25T17:40:41","guid":{"rendered":"https:\/\/flmts.com\/?page_id=962\/"},"modified":"2023-12-20T19:06:20","modified_gmt":"2023-12-20T19:06:20","slug":"estatutos-de-la-florida","status":"publish","type":"page","link":"https:\/\/flmts.com\/es\/estatutos-de-la-florida\/","title":{"rendered":"Estatutos de la Florida"},"content":{"rendered":"<p>[vc_row padding_top=\u00bb0px\u00bb background_image=\u00bb0&#8243;][vc_column][vc_column_text]\u00bfDesea conducir su motocicleta de 2 o 3 ruedas en v\u00edas p\u00fablicas? Si el motor de su motocicleta tiene m\u00e1s de 50 cc, el estado de la Florida debe otorgarle un Endoso de motocicleta en su licencia de conducir o una licencia de \u00absolo para motocicletas\u00bb. \u00a1FLMTS est\u00e1 aqu\u00ed para ayudarlo a obtener su endoso de motocicleta en solo 2 d\u00edas!<\/p>\n<h3><span style=\"color: #ff6600;\">Requerimientos de los Estatutos de la Florida:<\/span><\/h3>\n<ol>\n<li>Mantenga al menos una licencia de conducir del operador Clase E regular o un Permiso de estudiante aprendiz.<\/li>\n<li>Complete el \u00abCurso B\u00e1sico de Manejo de Motocicleta\u00bb (eBRC) de 15 horas de MSF.<\/li>\n<li>Dir\u00edjase a una oficina de seguridad vial y veh\u00edculos motorizados de Florida que emite licencias de conducir, <a href=\"https:\/\/www.flhsmv.gov\/locations\/\" target=\"_blank\" rel=\"noopener noreferrer\">FLHSMV<\/a>, traiga los <a href=\"https:\/\/www.flhsmv.gov\/driver-licenses-id-cards\/what-to-bring\/\" target=\"_blank\" rel=\"noopener noreferrer\">documentos de identificaci\u00f3n<\/a> personal requeridos, incluida su licencia de conducir, e inf\u00f3rmele que necesita una nueva licencia con el endoso de motocicleta. Al proporcionar una identificaci\u00f3n adecuada y pagar las tarifas requeridas, el FLSMV emitir\u00e1 su nueva licencia de conducir de Florida con un \u00abendoso de motocicleta\u00bb o indicando \u00absolo motocicleta\u00bb.<\/li>\n<\/ol>\n<p>La finalizaci\u00f3n exitosa del eBRC realizado en FLMTS le permite conducir motocicletas de 2 ruedas, 3 ruedas (triciclos) y sidecar en carreteras p\u00fablicas. No se requieren otros cursos. Solo aseg\u00farese de ir al FLHSMV para obtener su nueva licencia de conducir con el \u00abendoso de motocicleta\u00bb antes de disfrutar su viaje en la v\u00eda p\u00fablica.<\/p>\n<p>S\u00f3lo en motocicleta de tres ruedas o solo en sidecar: si desea obtener el endoso de motocicleta solo para una motocicleta de tres ruedas (triciclo) o una motocicleta de sidecar, debe tomar el \u00abB\u00e1sico de tres ruedas\u00bb y su endoso indicar\u00e1 una restricci\u00f3n para \u00abmotocicleta de tres ruedas solamente\u00bb.<\/p>\n<p><strong>TENGA EN CUENTA las siguientes excepciones:<\/strong><\/p>\n<p>Los siguientes est\u00e1n exentos de la definici\u00f3n legal de \u00abveh\u00edculo de motor\u00bb de la licencia de conducir de la Florida, por lo tanto no requieren licencia de conducir y se le permite operar en una v\u00eda p\u00fablica en Florida:<\/p>\n<ul>\n<li>Puede andar en bicicleta propulsada por una combinaci\u00f3n de potencia humana (pedales).<\/li>\n<li>Un motor auxiliar el\u00e9ctrico que no puede ir m\u00e1s r\u00e1pido que 20 mph en terreno llano, y debe tener al menos 16 a\u00f1os de edad.<\/li>\n<\/ul>\n<p><strong>NUEVA LEY: Vigente a partir del 1 de noviembre de 2009, para todas las licencias de conducir \u00abV\u00e1lidas solo en Florida\u00bb<\/strong><\/p>\n<p>LOS ESTATUTOS DE LA FLORIDA 2009<\/p>\n<p>T\u00edtulo XXIII &#8211; Veh\u00edculos a motor<\/p>\n<p>Cap\u00edtulo 322 &#8211; Licencia de Conducir<\/p>\n<p>322.03 Los conductores deben tener licencia; penalidades.-<\/p>\n<p>(1) Excepto que se autorice lo contrario en este cap\u00edtulo, una persona no puede conducir ning\u00fan veh\u00edculo de motor en una carretera en este estado, a menos que dicha persona tenga una licencia de conducir v\u00e1lida emitida conforme a este cap\u00edtulo.<\/p>\n<p>(a) Una persona que maneja un veh\u00edculo comercial no puede recibir una licencia de conducir a menos y hasta que se rinda ante el departamento todas las licencias de conducir en su poder que le haya sido otorgada por cualquier otra jurisdicci\u00f3n o haga una declaraci\u00f3n jurada de que o ella no posee una licencia de conducir. Cualquier persona que no entregue tales licencias o que haga una declaraci\u00f3n falsa con respecto a dichas licencias comete un delito menor de primer grado, punible seg\u00fan lo dispuesto en s. 775.082 o s. 775.083.[\/vc_column_text][\/vc_column][\/vc_row]<\/p>\n","protected":false},"excerpt":{"rendered":"<p>[vc_row padding_top=\u00bb0px\u00bb background_image=\u00bb0&#8243;][vc_column][vc_column_text]\u00bfDesea conducir su motocicleta de 2 o 3 ruedas en v\u00edas p\u00fablicas? Si el motor de su motocicleta tiene m\u00e1s de 50 cc, el estado de la Florida&#8230;<\/p>\n<p><a rel=\"bookmark\" class=\"more-link wolf-button border-button-accent-hover\" href=\"https:\/\/flmts.com\/es\/estatutos-de-la-florida\/\">Leer m&aacute;s<\/a><\/p>\n","protected":false},"author":1,"featured_media":0,"parent":0,"menu_order":0,"comment_status":"closed","ping_status":"closed","template":"","meta":{"_exactmetrics_skip_tracking":false,"_exactmetrics_sitenote_active":false,"_exactmetrics_sitenote_note":"","_exactmetrics_sitenote_category":0,"footnotes":""},"class_list":["post-962","page","type-page","status-publish","hentry","no-thumbnail","text-only"],"yoast_head":"<!-- This site is optimized with the Yoast SEO plugin v23.4 - https:\/\/yoast.com\/wordpress\/plugins\/seo\/ -->\n<title>Estatutos de la Florida para realizar el Curso Basico de Motocicleta<\/title>\n<meta name=\"description\" content=\"Estatutos de la Florida para realizar el Curso Basico de Motocicleta es una ley aprobada por el estado de la Florida que debe ser leida para que este al tanto de las leyes en caso de estar interesado en realizar el Curso Basico para manejar Motocicleta BRCu en el estado de la Florida\" \/>\n<meta name=\"robots\" content=\"index, follow, max-snippet:-1, max-image-preview:large, max-video-preview:-1\" \/>\n<link rel=\"canonical\" href=\"https:\/\/flmts.com\/es\/florida-statutes\/\" \/>\n<meta property=\"og:locale\" content=\"es_ES\" \/>\n<meta property=\"og:type\" content=\"article\" \/>\n<meta property=\"og:title\" content=\"Estatutos de la Florida para realizar el Curso Basico de Motocicleta\" \/>\n<meta property=\"og:description\" content=\"Estatutos de la Florida para realizar el Curso Basico de Motocicleta es una ley aprobada por el estado de la Florida que debe ser leida para que este al tanto de las leyes en caso de estar interesado en realizar el Curso Basico para manejar Motocicleta BRCu en el estado de la Florida\" \/>\n<meta property=\"og:url\" content=\"https:\/\/flmts.com\/florida-statutes\/\" \/>\n<meta property=\"og:site_name\" content=\"Florida Motorcycle Training School FLMTS\" \/>\n<meta property=\"article:modified_time\" content=\"2023-12-20T19:06:20+00:00\" \/>\n<meta name=\"twitter:card\" content=\"summary_large_image\" \/>\n<meta name=\"twitter:label1\" content=\"Tiempo de lectura\" \/>\n\t<meta name=\"twitter:data1\" content=\"3 minutos\" \/>\n<script type=\"application\/ld+json\" class=\"yoast-schema-graph\">{\"@context\":\"https:\/\/schema.org\",\"@graph\":[{\"@type\":\"WebPage\",\"@id\":\"https:\/\/flmts.com\/florida-statutes\/\",\"url\":\"https:\/\/flmts.com\/florida-statutes\/\",\"name\":\"Estatutos de la Florida para realizar el Curso Basico de Motocicleta\",\"isPartOf\":{\"@id\":\"https:\/\/flmts.com\/#website\"},\"datePublished\":\"2018-05-25T17:40:41+00:00\",\"dateModified\":\"2023-12-20T19:06:20+00:00\",\"description\":\"Estatutos de la Florida para realizar el Curso Basico de Motocicleta es una ley aprobada por el estado de la Florida que debe ser leida para que este al tanto de las leyes en caso de estar interesado en realizar el Curso Basico para manejar Motocicleta BRCu en el estado de la Florida\",\"breadcrumb\":{\"@id\":\"https:\/\/flmts.com\/florida-statutes\/#breadcrumb\"},\"inLanguage\":\"es\",\"potentialAction\":[{\"@type\":\"ReadAction\",\"target\":[\"https:\/\/flmts.com\/florida-statutes\/\"]}]},{\"@type\":\"BreadcrumbList\",\"@id\":\"https:\/\/flmts.com\/florida-statutes\/#breadcrumb\",\"itemListElement\":[{\"@type\":\"ListItem\",\"position\":1,\"name\":\"Home\",\"item\":\"https:\/\/flmts.com\/es\/\"},{\"@type\":\"ListItem\",\"position\":2,\"name\":\"Estatutos de la Florida\"}]},{\"@type\":\"WebSite\",\"@id\":\"https:\/\/flmts.com\/#website\",\"url\":\"https:\/\/flmts.com\/\",\"name\":\"FL Motorcycle Training School\",\"description\":\"Training &amp; School - Basic Rider Course\",\"publisher\":{\"@id\":\"https:\/\/flmts.com\/#organization\"},\"potentialAction\":[{\"@type\":\"SearchAction\",\"target\":{\"@type\":\"EntryPoint\",\"urlTemplate\":\"https:\/\/flmts.com\/?s={search_term_string}\"},\"query-input\":{\"@type\":\"PropertyValueSpecification\",\"valueRequired\":true,\"valueName\":\"search_term_string\"}}],\"inLanguage\":\"es\"},{\"@type\":\"Organization\",\"@id\":\"https:\/\/flmts.com\/#organization\",\"name\":\"FL Motorcycle Training School\",\"url\":\"https:\/\/flmts.com\/\",\"logo\":{\"@type\":\"ImageObject\",\"inLanguage\":\"es\",\"@id\":\"https:\/\/flmts.com\/#\/schema\/logo\/image\/\",\"url\":\"https:\/\/flmts.com\/wp-content\/uploads\/2018\/05\/logo-Motorcycle3.png\",\"contentUrl\":\"https:\/\/flmts.com\/wp-content\/uploads\/2018\/05\/logo-Motorcycle3.png\",\"width\":366,\"height\":200,\"caption\":\"FL Motorcycle Training School\"},\"image\":{\"@id\":\"https:\/\/flmts.com\/#\/schema\/logo\/image\/\"}}]}<\/script>\n<!-- \/ Yoast SEO plugin. -->","yoast_head_json":{"title":"Estatutos de la Florida para realizar el Curso Basico de Motocicleta","description":"Estatutos de la Florida para realizar el Curso Basico de Motocicleta es una ley aprobada por el estado de la Florida que debe ser leida para que este al tanto de las leyes en caso de estar interesado en realizar el Curso Basico para manejar Motocicleta BRCu en el estado de la Florida","robots":{"index":"index","follow":"follow","max-snippet":"max-snippet:-1","max-image-preview":"max-image-preview:large","max-video-preview":"max-video-preview:-1"},"canonical":"https:\/\/flmts.com\/es\/florida-statutes\/","og_locale":"es_ES","og_type":"article","og_title":"Estatutos de la Florida para realizar el Curso Basico de Motocicleta","og_description":"Estatutos de la Florida para realizar el Curso Basico de Motocicleta es una ley aprobada por el estado de la Florida que debe ser leida para que este al tanto de las leyes en caso de estar interesado en realizar el Curso Basico para manejar Motocicleta BRCu en el estado de la Florida","og_url":"https:\/\/flmts.com\/florida-statutes\/","og_site_name":"Florida Motorcycle Training School FLMTS","article_modified_time":"2023-12-20T19:06:20+00:00","twitter_card":"summary_large_image","twitter_misc":{"Tiempo de lectura":"3 minutos"},"schema":{"@context":"https:\/\/schema.org","@graph":[{"@type":"WebPage","@id":"https:\/\/flmts.com\/florida-statutes\/","url":"https:\/\/flmts.com\/florida-statutes\/","name":"Estatutos de la Florida para realizar el Curso Basico de Motocicleta","isPartOf":{"@id":"https:\/\/flmts.com\/#website"},"datePublished":"2018-05-25T17:40:41+00:00","dateModified":"2023-12-20T19:06:20+00:00","description":"Estatutos de la Florida para realizar el Curso Basico de Motocicleta es una ley aprobada por el estado de la Florida que debe ser leida para que este al tanto de las leyes en caso de estar interesado en realizar el Curso Basico para manejar Motocicleta BRCu en el estado de la Florida","breadcrumb":{"@id":"https:\/\/flmts.com\/florida-statutes\/#breadcrumb"},"inLanguage":"es","potentialAction":[{"@type":"ReadAction","target":["https:\/\/flmts.com\/florida-statutes\/"]}]},{"@type":"BreadcrumbList","@id":"https:\/\/flmts.com\/florida-statutes\/#breadcrumb","itemListElement":[{"@type":"ListItem","position":1,"name":"Home","item":"https:\/\/flmts.com\/es\/"},{"@type":"ListItem","position":2,"name":"Estatutos de la Florida"}]},{"@type":"WebSite","@id":"https:\/\/flmts.com\/#website","url":"https:\/\/flmts.com\/","name":"FL Motorcycle Training School","description":"Training &amp; School - Basic Rider Course","publisher":{"@id":"https:\/\/flmts.com\/#organization"},"potentialAction":[{"@type":"SearchAction","target":{"@type":"EntryPoint","urlTemplate":"https:\/\/flmts.com\/?s={search_term_string}"},"query-input":{"@type":"PropertyValueSpecification","valueRequired":true,"valueName":"search_term_string"}}],"inLanguage":"es"},{"@type":"Organization","@id":"https:\/\/flmts.com\/#organization","name":"FL Motorcycle Training School","url":"https:\/\/flmts.com\/","logo":{"@type":"ImageObject","inLanguage":"es","@id":"https:\/\/flmts.com\/#\/schema\/logo\/image\/","url":"https:\/\/flmts.com\/wp-content\/uploads\/2018\/05\/logo-Motorcycle3.png","contentUrl":"https:\/\/flmts.com\/wp-content\/uploads\/2018\/05\/logo-Motorcycle3.png","width":366,"height":200,"caption":"FL Motorcycle Training School"},"image":{"@id":"https:\/\/flmts.com\/#\/schema\/logo\/image\/"}}]}},"_links":{"self":[{"href":"https:\/\/flmts.com\/es\/wp-json\/wp\/v2\/pages\/962\/"}],"collection":[{"href":"https:\/\/flmts.com\/es\/wp-json\/wp\/v2\/pages\/"}],"about":[{"href":"https:\/\/flmts.com\/es\/wp-json\/wp\/v2\/types\/page\/"}],"author":[{"embeddable":true,"href":"https:\/\/flmts.com\/es\/wp-json\/wp\/v2\/users\/1\/"}],"replies":[{"embeddable":true,"href":"https:\/\/flmts.com\/es\/wp-json\/wp\/v2\/comments\/?post=962"}],"version-history":[{"count":4,"href":"https:\/\/flmts.com\/es\/wp-json\/wp\/v2\/pages\/962\/revisions\/"}],"predecessor-version":[{"id":1649,"href":"https:\/\/flmts.com\/es\/wp-json\/wp\/v2\/pages\/962\/revisions\/1649\/"}],"wp:attachment":[{"href":"https:\/\/flmts.com\/es\/wp-json\/wp\/v2\/media\/?parent=962"}],"curies":[{"name":"wp","href":"https:\/\/api.w.org\/{rel}","templated":true}]}}