{"id":966,"date":"2018-05-25T18:01:13","date_gmt":"2018-05-25T18:01:13","guid":{"rendered":"https:\/\/flmts.com\/?page_id=966\/"},"modified":"2021-04-15T13:44:18","modified_gmt":"2021-04-15T13:44:18","slug":"exoneracion-de-responsabilidad-fisica","status":"publish","type":"page","link":"https:\/\/flmts.com\/es\/exoneracion-de-responsabilidad-fisica\/","title":{"rendered":"Exoneraci\u00f3n de Responsabilidad F\u00edsica"},"content":{"rendered":"<p>[vc_row][vc_column][vc_column_text]Los ESTUDIANTES y \u201cTESTEES\u201d reconocen por este medio que el proceso de conducir un tractor-acoplado, un cami\u00f3n recto o autob\u00fas de pasajeros y el proceso de obtener la educaci\u00f3n del conductor y el entrenamiento en tales veh\u00edculos, implica intr\u00ednsecamente impacto f\u00edsico, tensi\u00f3n y agotamiento f\u00edsico, los cuales pueden exacerbar o empeorar condiciones pre-existentes. Tales condiciones pueden existir aunque el estudiante haya pasado el reconocimiento f\u00edsico requerido por el Departamento de Transportaci\u00f3nci\u00f3n para la cualificaci\u00f3n de conductor comercial.\u00a0 En tales circunstancias, el estudiante reconoce que cualquier afecci\u00f3n o consecuencia no ser\u00eda la responsabilidad de CDL Technical &amp; Motorcycle Driving School, Inc..<\/p>\n<p>En consideraci\u00f3n del programa de entrenamiento del conductor, por este medio el estudiante renuncia\u00a0 a todos las derechos o demandas, e irrevocablemente releva a CDL Technical &amp; Motorcycle Driving School, Inc. y sus accionistas, directores, oficiales, y empleados, de: Cualquier exacerbaci\u00f3n, empeoramiento, impacto de encendido, o cualesquiera condiciones m\u00e9dicas pre-existentes del estudiante causado cerca o relacionado de alguna manera con el programa del conductor-entrenamiento o instrucci\u00f3n proporcionada por la escuela, o por cualquier uso, operaci\u00f3n, o conducci\u00f3n de un veh\u00edculo comercial pesado. Excepto cuando tal exacerbaci\u00f3n, empeoramiento, o impacto es causada espec\u00edfica, directa y solamente por la negligencia activa de la escuela.<\/p>\n<p>El estudiante tambi\u00e9n reconoce y entiende que los programas ofrecidos por CDL Technical &amp; Motorcycle Driving School, Inc. son programas dise\u00f1ados para preparar y\/o certificar los conductores para el ex\u00e1men pr\u00e1ctico de <a href=\"http:\/\/www.cdltmds.com\">licencia comercial<\/a> de las clases A, B,P,S,C y de <a href=\"https:\/\/flmts.com\/\">Motorcicleta<\/a>.<\/p>\n<p>I, understand &amp; agree\u00a0 to the Physical Waiver Release<\/p>\n<p>Yo, entiendo y acepto el\u00a0Exoneraci\u00f3n de Responsabilidad F\u00edsica<\/p>\n<h3>Cancelaci\u00f3n del Curso Basico de Motocicleta<\/h3>\n<p>Yo, entiendo y acepto que si no apruebo qualquiera de los examines tengo dos meses para realizarlo nuevamente, <strong>GRATIS<\/strong>. Si no me presento en clase, si llego tarde, si no tengo la ropa adecuada para realizar el curso\u00a0o si no completo todos los ejercicios de conducci\u00f3n de BRC, as\u00ed como la evaluaci\u00f3n de habilidades de conducci\u00f3n, no podre montar la motocicleta y puedo perder mi pago de inscripcion o tendria que pagar una penalidad de <strong>$100.<\/strong>[\/vc_column_text][\/vc_column][\/vc_row]<\/p>\n","protected":false},"excerpt":{"rendered":"<p>[vc_row][vc_column][vc_column_text]Los ESTUDIANTES y \u201cTESTEES\u201d reconocen por este medio que el proceso de conducir un tractor-acoplado, un cami\u00f3n recto o autob\u00fas de pasajeros y el proceso de obtener la educaci\u00f3n del&#8230;<\/p>\n<p><a rel=\"bookmark\" class=\"more-link wolf-button border-button-accent-hover\" href=\"https:\/\/flmts.com\/es\/exoneracion-de-responsabilidad-fisica\/\">Leer m&aacute;s<\/a><\/p>\n","protected":false},"author":1,"featured_media":0,"parent":0,"menu_order":0,"comment_status":"closed","ping_status":"closed","template":"","meta":{"_exactmetrics_skip_tracking":false,"_exactmetrics_sitenote_active":false,"_exactmetrics_sitenote_note":"","_exactmetrics_sitenote_category":0,"footnotes":""},"class_list":["post-966","page","type-page","status-publish","hentry","no-thumbnail","text-only"],"yoast_head":"<!-- This site is optimized with the Yoast SEO plugin v23.4 - https:\/\/yoast.com\/wordpress\/plugins\/seo\/ -->\n<title>Exoneraci\u00f3n de Responsabilidad F\u00edsica Curso Basico de Motocicleta<\/title>\n<meta name=\"description\" content=\"Exoneraci\u00f3n de Responsabilidad F\u00edsica del Curso Basico para Manejo de Motocicleta es un documento que usted debe leler y aceptar antes de tomar el entrenamiento con nosotros.\" \/>\n<meta name=\"robots\" content=\"index, follow, max-snippet:-1, max-image-preview:large, max-video-preview:-1\" \/>\n<link rel=\"canonical\" href=\"https:\/\/flmts.com\/es\/physical-waiver-release\/\" \/>\n<meta property=\"og:locale\" content=\"es_ES\" \/>\n<meta property=\"og:type\" content=\"article\" \/>\n<meta property=\"og:title\" content=\"Exoneraci\u00f3n de Responsabilidad F\u00edsica Curso Basico de Motocicleta\" \/>\n<meta property=\"og:description\" content=\"Exoneraci\u00f3n de Responsabilidad F\u00edsica del Curso Basico para Manejo de Motocicleta es un documento que usted debe leler y aceptar antes de tomar el entrenamiento con nosotros.\" \/>\n<meta property=\"og:url\" content=\"https:\/\/flmts.com\/physical-waiver-release\/\" \/>\n<meta property=\"og:site_name\" content=\"Florida Motorcycle Training School FLMTS\" \/>\n<meta property=\"article:modified_time\" content=\"2021-04-15T13:44:18+00:00\" \/>\n<meta name=\"twitter:card\" content=\"summary_large_image\" \/>\n<meta name=\"twitter:label1\" content=\"Tiempo de lectura\" \/>\n\t<meta name=\"twitter:data1\" content=\"2 minutos\" \/>\n<script type=\"application\/ld+json\" class=\"yoast-schema-graph\">{\"@context\":\"https:\/\/schema.org\",\"@graph\":[{\"@type\":\"WebPage\",\"@id\":\"https:\/\/flmts.com\/physical-waiver-release\/\",\"url\":\"https:\/\/flmts.com\/physical-waiver-release\/\",\"name\":\"Exoneraci\u00f3n de Responsabilidad F\u00edsica Curso Basico de Motocicleta\",\"isPartOf\":{\"@id\":\"https:\/\/flmts.com\/#website\"},\"datePublished\":\"2018-05-25T18:01:13+00:00\",\"dateModified\":\"2021-04-15T13:44:18+00:00\",\"description\":\"Exoneraci\u00f3n de Responsabilidad F\u00edsica del Curso Basico para Manejo de Motocicleta es un documento que usted debe leler y aceptar antes de tomar el entrenamiento con nosotros.\",\"breadcrumb\":{\"@id\":\"https:\/\/flmts.com\/physical-waiver-release\/#breadcrumb\"},\"inLanguage\":\"es\",\"potentialAction\":[{\"@type\":\"ReadAction\",\"target\":[\"https:\/\/flmts.com\/physical-waiver-release\/\"]}]},{\"@type\":\"BreadcrumbList\",\"@id\":\"https:\/\/flmts.com\/physical-waiver-release\/#breadcrumb\",\"itemListElement\":[{\"@type\":\"ListItem\",\"position\":1,\"name\":\"Home\",\"item\":\"https:\/\/flmts.com\/es\/\"},{\"@type\":\"ListItem\",\"position\":2,\"name\":\"Exoneraci\u00f3n de Responsabilidad F\u00edsica\"}]},{\"@type\":\"WebSite\",\"@id\":\"https:\/\/flmts.com\/#website\",\"url\":\"https:\/\/flmts.com\/\",\"name\":\"FL Motorcycle Training School\",\"description\":\"Training &amp; School - Basic Rider Course\",\"publisher\":{\"@id\":\"https:\/\/flmts.com\/#organization\"},\"potentialAction\":[{\"@type\":\"SearchAction\",\"target\":{\"@type\":\"EntryPoint\",\"urlTemplate\":\"https:\/\/flmts.com\/?s={search_term_string}\"},\"query-input\":{\"@type\":\"PropertyValueSpecification\",\"valueRequired\":true,\"valueName\":\"search_term_string\"}}],\"inLanguage\":\"es\"},{\"@type\":\"Organization\",\"@id\":\"https:\/\/flmts.com\/#organization\",\"name\":\"FL Motorcycle Training School\",\"url\":\"https:\/\/flmts.com\/\",\"logo\":{\"@type\":\"ImageObject\",\"inLanguage\":\"es\",\"@id\":\"https:\/\/flmts.com\/#\/schema\/logo\/image\/\",\"url\":\"https:\/\/flmts.com\/wp-content\/uploads\/2018\/05\/logo-Motorcycle3.png\",\"contentUrl\":\"https:\/\/flmts.com\/wp-content\/uploads\/2018\/05\/logo-Motorcycle3.png\",\"width\":366,\"height\":200,\"caption\":\"FL Motorcycle Training School\"},\"image\":{\"@id\":\"https:\/\/flmts.com\/#\/schema\/logo\/image\/\"}}]}<\/script>\n<!-- \/ Yoast SEO plugin. -->","yoast_head_json":{"title":"Exoneraci\u00f3n de Responsabilidad F\u00edsica Curso Basico de Motocicleta","description":"Exoneraci\u00f3n de Responsabilidad F\u00edsica del Curso Basico para Manejo de Motocicleta es un documento que usted debe leler y aceptar antes de tomar el entrenamiento con nosotros.","robots":{"index":"index","follow":"follow","max-snippet":"max-snippet:-1","max-image-preview":"max-image-preview:large","max-video-preview":"max-video-preview:-1"},"canonical":"https:\/\/flmts.com\/es\/physical-waiver-release\/","og_locale":"es_ES","og_type":"article","og_title":"Exoneraci\u00f3n de Responsabilidad F\u00edsica Curso Basico de Motocicleta","og_description":"Exoneraci\u00f3n de Responsabilidad F\u00edsica del Curso Basico para Manejo de Motocicleta es un documento que usted debe leler y aceptar antes de tomar el entrenamiento con nosotros.","og_url":"https:\/\/flmts.com\/physical-waiver-release\/","og_site_name":"Florida Motorcycle Training School FLMTS","article_modified_time":"2021-04-15T13:44:18+00:00","twitter_card":"summary_large_image","twitter_misc":{"Tiempo de lectura":"2 minutos"},"schema":{"@context":"https:\/\/schema.org","@graph":[{"@type":"WebPage","@id":"https:\/\/flmts.com\/physical-waiver-release\/","url":"https:\/\/flmts.com\/physical-waiver-release\/","name":"Exoneraci\u00f3n de Responsabilidad F\u00edsica Curso Basico de Motocicleta","isPartOf":{"@id":"https:\/\/flmts.com\/#website"},"datePublished":"2018-05-25T18:01:13+00:00","dateModified":"2021-04-15T13:44:18+00:00","description":"Exoneraci\u00f3n de Responsabilidad F\u00edsica del Curso Basico para Manejo de Motocicleta es un documento que usted debe leler y aceptar antes de tomar el entrenamiento con nosotros.","breadcrumb":{"@id":"https:\/\/flmts.com\/physical-waiver-release\/#breadcrumb"},"inLanguage":"es","potentialAction":[{"@type":"ReadAction","target":["https:\/\/flmts.com\/physical-waiver-release\/"]}]},{"@type":"BreadcrumbList","@id":"https:\/\/flmts.com\/physical-waiver-release\/#breadcrumb","itemListElement":[{"@type":"ListItem","position":1,"name":"Home","item":"https:\/\/flmts.com\/es\/"},{"@type":"ListItem","position":2,"name":"Exoneraci\u00f3n de Responsabilidad F\u00edsica"}]},{"@type":"WebSite","@id":"https:\/\/flmts.com\/#website","url":"https:\/\/flmts.com\/","name":"FL Motorcycle Training School","description":"Training &amp; School - Basic Rider Course","publisher":{"@id":"https:\/\/flmts.com\/#organization"},"potentialAction":[{"@type":"SearchAction","target":{"@type":"EntryPoint","urlTemplate":"https:\/\/flmts.com\/?s={search_term_string}"},"query-input":{"@type":"PropertyValueSpecification","valueRequired":true,"valueName":"search_term_string"}}],"inLanguage":"es"},{"@type":"Organization","@id":"https:\/\/flmts.com\/#organization","name":"FL Motorcycle Training School","url":"https:\/\/flmts.com\/","logo":{"@type":"ImageObject","inLanguage":"es","@id":"https:\/\/flmts.com\/#\/schema\/logo\/image\/","url":"https:\/\/flmts.com\/wp-content\/uploads\/2018\/05\/logo-Motorcycle3.png","contentUrl":"https:\/\/flmts.com\/wp-content\/uploads\/2018\/05\/logo-Motorcycle3.png","width":366,"height":200,"caption":"FL Motorcycle Training School"},"image":{"@id":"https:\/\/flmts.com\/#\/schema\/logo\/image\/"}}]}},"_links":{"self":[{"href":"https:\/\/flmts.com\/es\/wp-json\/wp\/v2\/pages\/966\/"}],"collection":[{"href":"https:\/\/flmts.com\/es\/wp-json\/wp\/v2\/pages\/"}],"about":[{"href":"https:\/\/flmts.com\/es\/wp-json\/wp\/v2\/types\/page\/"}],"author":[{"embeddable":true,"href":"https:\/\/flmts.com\/es\/wp-json\/wp\/v2\/users\/1\/"}],"replies":[{"embeddable":true,"href":"https:\/\/flmts.com\/es\/wp-json\/wp\/v2\/comments\/?post=966"}],"version-history":[{"count":3,"href":"https:\/\/flmts.com\/es\/wp-json\/wp\/v2\/pages\/966\/revisions\/"}],"predecessor-version":[{"id":1415,"href":"https:\/\/flmts.com\/es\/wp-json\/wp\/v2\/pages\/966\/revisions\/1415\/"}],"wp:attachment":[{"href":"https:\/\/flmts.com\/es\/wp-json\/wp\/v2\/media\/?parent=966"}],"curies":[{"name":"wp","href":"https:\/\/api.w.org\/{rel}","templated":true}]}}