{"id":972,"date":"2018-05-25T18:23:16","date_gmt":"2018-05-25T18:23:16","guid":{"rendered":"https:\/\/flmts.com\/?page_id=972\/"},"modified":"2018-06-01T18:12:38","modified_gmt":"2018-06-01T18:12:38","slug":"pasos-para-obtener-su-endoso-de-motocicleta-en-su-licencia-de-conducir-de-florida","status":"publish","type":"page","link":"https:\/\/flmts.com\/es\/pasos-para-obtener-su-endoso-de-motocicleta-en-su-licencia-de-conducir-de-florida\/","title":{"rendered":"Pasos para obtener su endoso de motocicleta en su licencia de conducir de Florida o su licencia de conducir \u00abSolo para Motocicleta\u00bb"},"content":{"rendered":"<p>[vc_row][vc_column][vc_column_text]<\/p>\n<h3><span style=\"color: #ff6600;\"><strong>Pasos para obtener su endoso de motocicleta en su licencia de conducir de Florida, debe<\/strong><\/span><\/h3>\n<ol>\n<li>Mantenga al menos una licencia de conducir Clase E v\u00e1lida..<\/li>\n<li>Completar con \u00e9xito el curso de seguridad de motocicletas BRCu de 2 d\u00edas en FLMTS, un patrocinador autorizado de FRTP. No se requieren otras pruebas.<\/li>\n<li>Dentro de 1 a\u00f1o de haber completado con \u00e9xito el BRCu *, debe acudir a una oficina de FLHSMV que emita licencias de conducir, muestre la <a href=\"http:\/\/www.flhsmv.gov\/driver-licenses-id-cards\/what-to-bring\/\" target=\"_blank\" rel=\"noopener\">identificaci\u00f3n requerida<\/a>, pague la nueva tarifa de emisi\u00f3n de Licencia de Conducir y la <a href=\"https:\/\/www.dmv.org\/fl-florida\/motorcycle-license.php\" target=\"_blank\" rel=\"noopener\">tarifa de Endoso de Motocicleta<\/a>, y obtenga su nueva Licencia de Conducir con el Endoso de Motocicleta o una licencia de solo motocicleta. La Tarjeta de Finalizaci\u00f3n del Curso no es un Endoso de Motocicleta con Licencia de Conducir, no le permite manejar legalmente en v\u00edas p\u00fablicas.<\/li>\n<\/ol>\n<p>Nota: Si no sigue el Paso 3 dentro del per\u00edodo de gracia de 1 a\u00f1o, su Tarjeta de finalizaci\u00f3n del curso que le dio derecho al estado de \u00abEndoso de motocicleta\u00bb en su registro de licencia de conducir se considerar\u00e1 \u00abInv\u00e1lido\u00bb y se le solicitar\u00e1 que vuelva. tomar y completar con \u00e9xito el BRCu de 2 d\u00edas.<\/p>\n<h3><span style=\"color: #ff6600;\"><strong>Pasos para obtener su licencia de conducir \u00absolo para motocicleta\u00bb, debe:<\/strong><\/span><\/h3>\n<ol>\n<li>Tener al menos 15 a\u00f1os de edad, y si es menor de 18 a\u00f1os, tener una licencia de estudiante v\u00e1lida por un a\u00f1o sin condenas por tr\u00e1fico.<\/li>\n<li>Completar con \u00e9xito el curso de seguridad de motocicletas BRCu de 2 d\u00edas en FLMTS,\u00a0 autorizado por FRTP. No se requieren otras pruebas.<\/li>\n<li>Pasar la misma prueba de conocimiento que para una licencia de conducir del operador Clase E regular.<\/li>\n<li>Dentro de 1 a\u00f1o de completar con \u00e9xito el BRCu *, debe ir a una oficina de FLHSMV que emita licencias de conducir, muestre la <a href=\"http:\/\/www.flhsmv.gov\/driver-licenses-id-cards\/what-to-bring\/\" target=\"_blank\" rel=\"noopener\">identificaci\u00f3n requerida<\/a>, pague la nueva tarifa de emisi\u00f3n de Licencia \u00absolo para motocicletas\u00bb y la <a href=\"https:\/\/www.dmv.org\/fl-florida\/motorcycle-license.php\" target=\"_blank\" rel=\"noopener\">tarifa de aprobaci\u00f3n de motocicleta<\/a>, y obtenga su nueva \u00abMotocicleta\u00bb\u00a0 Solo \u00abLicencia\u00bb. La Tarjeta de Finalizaci\u00f3n del Curso no es una Licencia v\u00e1lida solo para motocicletas, no le permite viajar legalmente en v\u00edas p\u00fablicas. Su licencia estar\u00e1 restringida a operar \u00abMotocicletas solamente\u00bb.<\/li>\n<\/ol>\n<p>Nota: Si no sigue el Paso 3 dentro del per\u00edodo de gracia de 1 a\u00f1o, su Tarjeta de finalizaci\u00f3n del curso que le dio derecho al estado \u00abLicencia de motocicleta \u00fanicamente\u00bb en su registro de licencia de conducir se considerar\u00e1 \u00abInv\u00e1lida\u00bb y se le solicitar\u00e1 que vuelva a tomar y complete con \u00e9xito el BRCu de 2 d\u00edas.[\/vc_column_text][\/vc_column][\/vc_row]<\/p>\n","protected":false},"excerpt":{"rendered":"<p>[vc_row][vc_column][vc_column_text] Pasos para obtener su endoso de motocicleta en su licencia de conducir de Florida, debe Mantenga al menos una licencia de conducir Clase E v\u00e1lida.. Completar con \u00e9xito el&#8230;<\/p>\n<p><a rel=\"bookmark\" class=\"more-link wolf-button border-button-accent-hover\" href=\"https:\/\/flmts.com\/es\/pasos-para-obtener-su-endoso-de-motocicleta-en-su-licencia-de-conducir-de-florida\/\">Leer m&aacute;s<\/a><\/p>\n","protected":false},"author":1,"featured_media":0,"parent":0,"menu_order":0,"comment_status":"closed","ping_status":"closed","template":"","meta":{"_exactmetrics_skip_tracking":false,"_exactmetrics_sitenote_active":false,"_exactmetrics_sitenote_note":"","_exactmetrics_sitenote_category":0,"footnotes":""},"class_list":["post-972","page","type-page","status-publish","hentry","no-thumbnail","text-only"],"yoast_head":"<!-- This site is optimized with the Yoast SEO plugin v23.4 - https:\/\/yoast.com\/wordpress\/plugins\/seo\/ -->\n<title>Pasos para obtener su endoso de motocicleta en su licencia de Florida<\/title>\n<meta name=\"description\" content=\"Pasos para obtener su endoso de motocicleta en su licencia de conducir de Florida, una manera rapida y detallada de saber todos los requerimientos que necesita para obtener el endoso en su licencia referente al Curso Basico de Motocicleta BRC\" \/>\n<meta name=\"robots\" content=\"index, follow, max-snippet:-1, max-image-preview:large, max-video-preview:-1\" \/>\n<link rel=\"canonical\" href=\"https:\/\/flmts.com\/es\/teps-to-obtain-your-motorcycle-endorsement-on-your-florida-driver-license-or-your-motorcycle-only-driver-license\/\" \/>\n<meta property=\"og:locale\" content=\"es_ES\" \/>\n<meta property=\"og:type\" content=\"article\" \/>\n<meta property=\"og:title\" content=\"Pasos para obtener su endoso de motocicleta en su licencia de Florida\" \/>\n<meta property=\"og:description\" content=\"Pasos para obtener su endoso de motocicleta en su licencia de conducir de Florida, una manera rapida y detallada de saber todos los requerimientos que necesita para obtener el endoso en su licencia referente al Curso Basico de Motocicleta BRC\" \/>\n<meta property=\"og:url\" content=\"https:\/\/flmts.com\/teps-to-obtain-your-motorcycle-endorsement-on-your-florida-driver-license-or-your-motorcycle-only-driver-license\/\" \/>\n<meta property=\"og:site_name\" content=\"Florida Motorcycle Training School FLMTS\" \/>\n<meta property=\"article:modified_time\" content=\"2018-06-01T18:12:38+00:00\" \/>\n<meta name=\"twitter:card\" content=\"summary_large_image\" \/>\n<meta name=\"twitter:label1\" content=\"Tiempo de lectura\" \/>\n\t<meta name=\"twitter:data1\" content=\"2 minutos\" \/>\n<script type=\"application\/ld+json\" class=\"yoast-schema-graph\">{\"@context\":\"https:\/\/schema.org\",\"@graph\":[{\"@type\":\"WebPage\",\"@id\":\"https:\/\/flmts.com\/teps-to-obtain-your-motorcycle-endorsement-on-your-florida-driver-license-or-your-motorcycle-only-driver-license\/\",\"url\":\"https:\/\/flmts.com\/teps-to-obtain-your-motorcycle-endorsement-on-your-florida-driver-license-or-your-motorcycle-only-driver-license\/\",\"name\":\"Pasos para obtener su endoso de motocicleta en su licencia de Florida\",\"isPartOf\":{\"@id\":\"https:\/\/flmts.com\/#website\"},\"datePublished\":\"2018-05-25T18:23:16+00:00\",\"dateModified\":\"2018-06-01T18:12:38+00:00\",\"description\":\"Pasos para obtener su endoso de motocicleta en su licencia de conducir de Florida, una manera rapida y detallada de saber todos los requerimientos que necesita para obtener el endoso en su licencia referente al Curso Basico de Motocicleta BRC\",\"breadcrumb\":{\"@id\":\"https:\/\/flmts.com\/teps-to-obtain-your-motorcycle-endorsement-on-your-florida-driver-license-or-your-motorcycle-only-driver-license\/#breadcrumb\"},\"inLanguage\":\"es\",\"potentialAction\":[{\"@type\":\"ReadAction\",\"target\":[\"https:\/\/flmts.com\/teps-to-obtain-your-motorcycle-endorsement-on-your-florida-driver-license-or-your-motorcycle-only-driver-license\/\"]}]},{\"@type\":\"BreadcrumbList\",\"@id\":\"https:\/\/flmts.com\/teps-to-obtain-your-motorcycle-endorsement-on-your-florida-driver-license-or-your-motorcycle-only-driver-license\/#breadcrumb\",\"itemListElement\":[{\"@type\":\"ListItem\",\"position\":1,\"name\":\"Home\",\"item\":\"https:\/\/flmts.com\/es\/\"},{\"@type\":\"ListItem\",\"position\":2,\"name\":\"Pasos para obtener su endoso de motocicleta en su licencia de conducir de Florida o su licencia de conducir &#8220;Solo para Motocicleta&#8221;\"}]},{\"@type\":\"WebSite\",\"@id\":\"https:\/\/flmts.com\/#website\",\"url\":\"https:\/\/flmts.com\/\",\"name\":\"FL Motorcycle Training School\",\"description\":\"Training &amp; School - Basic Rider Course\",\"publisher\":{\"@id\":\"https:\/\/flmts.com\/#organization\"},\"potentialAction\":[{\"@type\":\"SearchAction\",\"target\":{\"@type\":\"EntryPoint\",\"urlTemplate\":\"https:\/\/flmts.com\/?s={search_term_string}\"},\"query-input\":{\"@type\":\"PropertyValueSpecification\",\"valueRequired\":true,\"valueName\":\"search_term_string\"}}],\"inLanguage\":\"es\"},{\"@type\":\"Organization\",\"@id\":\"https:\/\/flmts.com\/#organization\",\"name\":\"FL Motorcycle Training School\",\"url\":\"https:\/\/flmts.com\/\",\"logo\":{\"@type\":\"ImageObject\",\"inLanguage\":\"es\",\"@id\":\"https:\/\/flmts.com\/#\/schema\/logo\/image\/\",\"url\":\"https:\/\/flmts.com\/wp-content\/uploads\/2018\/05\/logo-Motorcycle3.png\",\"contentUrl\":\"https:\/\/flmts.com\/wp-content\/uploads\/2018\/05\/logo-Motorcycle3.png\",\"width\":366,\"height\":200,\"caption\":\"FL Motorcycle Training School\"},\"image\":{\"@id\":\"https:\/\/flmts.com\/#\/schema\/logo\/image\/\"}}]}<\/script>\n<!-- \/ Yoast SEO plugin. -->","yoast_head_json":{"title":"Pasos para obtener su endoso de motocicleta en su licencia de Florida","description":"Pasos para obtener su endoso de motocicleta en su licencia de conducir de Florida, una manera rapida y detallada de saber todos los requerimientos que necesita para obtener el endoso en su licencia referente al Curso Basico de Motocicleta BRC","robots":{"index":"index","follow":"follow","max-snippet":"max-snippet:-1","max-image-preview":"max-image-preview:large","max-video-preview":"max-video-preview:-1"},"canonical":"https:\/\/flmts.com\/es\/teps-to-obtain-your-motorcycle-endorsement-on-your-florida-driver-license-or-your-motorcycle-only-driver-license\/","og_locale":"es_ES","og_type":"article","og_title":"Pasos para obtener su endoso de motocicleta en su licencia de Florida","og_description":"Pasos para obtener su endoso de motocicleta en su licencia de conducir de Florida, una manera rapida y detallada de saber todos los requerimientos que necesita para obtener el endoso en su licencia referente al Curso Basico de Motocicleta BRC","og_url":"https:\/\/flmts.com\/teps-to-obtain-your-motorcycle-endorsement-on-your-florida-driver-license-or-your-motorcycle-only-driver-license\/","og_site_name":"Florida Motorcycle Training School FLMTS","article_modified_time":"2018-06-01T18:12:38+00:00","twitter_card":"summary_large_image","twitter_misc":{"Tiempo de lectura":"2 minutos"},"schema":{"@context":"https:\/\/schema.org","@graph":[{"@type":"WebPage","@id":"https:\/\/flmts.com\/teps-to-obtain-your-motorcycle-endorsement-on-your-florida-driver-license-or-your-motorcycle-only-driver-license\/","url":"https:\/\/flmts.com\/teps-to-obtain-your-motorcycle-endorsement-on-your-florida-driver-license-or-your-motorcycle-only-driver-license\/","name":"Pasos para obtener su endoso de motocicleta en su licencia de Florida","isPartOf":{"@id":"https:\/\/flmts.com\/#website"},"datePublished":"2018-05-25T18:23:16+00:00","dateModified":"2018-06-01T18:12:38+00:00","description":"Pasos para obtener su endoso de motocicleta en su licencia de conducir de Florida, una manera rapida y detallada de saber todos los requerimientos que necesita para obtener el endoso en su licencia referente al Curso Basico de Motocicleta BRC","breadcrumb":{"@id":"https:\/\/flmts.com\/teps-to-obtain-your-motorcycle-endorsement-on-your-florida-driver-license-or-your-motorcycle-only-driver-license\/#breadcrumb"},"inLanguage":"es","potentialAction":[{"@type":"ReadAction","target":["https:\/\/flmts.com\/teps-to-obtain-your-motorcycle-endorsement-on-your-florida-driver-license-or-your-motorcycle-only-driver-license\/"]}]},{"@type":"BreadcrumbList","@id":"https:\/\/flmts.com\/teps-to-obtain-your-motorcycle-endorsement-on-your-florida-driver-license-or-your-motorcycle-only-driver-license\/#breadcrumb","itemListElement":[{"@type":"ListItem","position":1,"name":"Home","item":"https:\/\/flmts.com\/es\/"},{"@type":"ListItem","position":2,"name":"Pasos para obtener su endoso de motocicleta en su licencia de conducir de Florida o su licencia de conducir &#8220;Solo para Motocicleta&#8221;"}]},{"@type":"WebSite","@id":"https:\/\/flmts.com\/#website","url":"https:\/\/flmts.com\/","name":"FL Motorcycle Training School","description":"Training &amp; School - Basic Rider Course","publisher":{"@id":"https:\/\/flmts.com\/#organization"},"potentialAction":[{"@type":"SearchAction","target":{"@type":"EntryPoint","urlTemplate":"https:\/\/flmts.com\/?s={search_term_string}"},"query-input":{"@type":"PropertyValueSpecification","valueRequired":true,"valueName":"search_term_string"}}],"inLanguage":"es"},{"@type":"Organization","@id":"https:\/\/flmts.com\/#organization","name":"FL Motorcycle Training School","url":"https:\/\/flmts.com\/","logo":{"@type":"ImageObject","inLanguage":"es","@id":"https:\/\/flmts.com\/#\/schema\/logo\/image\/","url":"https:\/\/flmts.com\/wp-content\/uploads\/2018\/05\/logo-Motorcycle3.png","contentUrl":"https:\/\/flmts.com\/wp-content\/uploads\/2018\/05\/logo-Motorcycle3.png","width":366,"height":200,"caption":"FL Motorcycle Training School"},"image":{"@id":"https:\/\/flmts.com\/#\/schema\/logo\/image\/"}}]}},"_links":{"self":[{"href":"https:\/\/flmts.com\/es\/wp-json\/wp\/v2\/pages\/972\/"}],"collection":[{"href":"https:\/\/flmts.com\/es\/wp-json\/wp\/v2\/pages\/"}],"about":[{"href":"https:\/\/flmts.com\/es\/wp-json\/wp\/v2\/types\/page\/"}],"author":[{"embeddable":true,"href":"https:\/\/flmts.com\/es\/wp-json\/wp\/v2\/users\/1\/"}],"replies":[{"embeddable":true,"href":"https:\/\/flmts.com\/es\/wp-json\/wp\/v2\/comments\/?post=972"}],"version-history":[{"count":3,"href":"https:\/\/flmts.com\/es\/wp-json\/wp\/v2\/pages\/972\/revisions\/"}],"predecessor-version":[{"id":975,"href":"https:\/\/flmts.com\/es\/wp-json\/wp\/v2\/pages\/972\/revisions\/975\/"}],"wp:attachment":[{"href":"https:\/\/flmts.com\/es\/wp-json\/wp\/v2\/media\/?parent=972"}],"curies":[{"name":"wp","href":"https:\/\/api.w.org\/{rel}","templated":true}]}}