{"id":976,"date":"2018-05-25T18:38:50","date_gmt":"2018-05-25T18:38:50","guid":{"rendered":"https:\/\/flmts.com\/?page_id=976\/"},"modified":"2023-12-20T19:05:53","modified_gmt":"2023-12-20T19:05:53","slug":"ejercicios-de-manejo-para-el-curso-basico-de-motocicleta","status":"publish","type":"page","link":"https:\/\/flmts.com\/es\/ejercicios-de-manejo-para-el-curso-basico-de-motocicleta\/","title":{"rendered":"Ejercicios de Manejo para el Curso Basico de Motocicleta"},"content":{"rendered":"<p>[vc_row padding_top=\u00bb0px\u00bb background_image=\u00bb0&#8243;][vc_column][vc_column_text]El Curso Basico de Manejo de Motocicleta es requerido por el FRTP para obtener su nueva licencia de conducir con el \u00abendoso de motocicleta\u00bb. Es para motociclistas principiantes de todas las edades, quienes deseen actualizar sus habilidades, o motociclistas experimentados que necesitan su endoso de motocicleta.<\/p>\n<h2><span style=\"color: #ff6600;\">El Curso para manejar motocicleta consiste e<\/span><span style=\"color: #ff6600;\">BRC <\/span><span style=\"color: #ff6600;\">en:<\/span><\/h2>\n<p>&#8211; 5 horas de estudio grupal guiado, seguido de una prueba de conocimiento, y<\/p>\n<p>&#8211; 10 horas de instrucci\u00f3n por un entrenador de manejo con nuestra gama de motocicletas privadas FLMTS, seguida de una evaluaci\u00f3n de habilidades de motociclista.<\/p>\n<p>FLMTS tiene un campo de equitaci\u00f3n privado, hermoso y pavimentado en Hialeah Gardens, central y de f\u00e1cil acceso, en un entorno cerrado, controlado y exclusivo para entrenamiento de motocicletas.<\/p>\n<p>De forma gratuita, FLMTS ofrece a cada piloto una motocicleta con mantenimiento profesional y un casco compatible con el DOT para su uso durante el eBRC.<\/p>\n<p>En el aula, nuestro profesional certificado por MSF y Entrenadores de manejo con licencia de FRTP, aprender\u00e1 sobre diversos tipos de motocicletas, el control primario y de otro tipo para motocicletas de calle, funcionamiento b\u00e1sico, equipamiento de protecci\u00f3n, t\u00e9cnicas de conducci\u00f3n y superficies de carretera, y c\u00f3mo convertirse en un motociclista seguro y alerta, h\u00e1bil y responsable.<\/p>\n<p>El curso b\u00e1sico de motocicleta funciona para salir entrenado en las \u00abmotocicletas de calle\u00bb. Nuestros Entrenadores de Manejo lo gu\u00edan a trav\u00e9s de las habilidades b\u00e1sicas de conducci\u00f3n en l\u00ednea recta, paradas, cambios, giros t\u00edpicos en carreteras, giros cerrados a baja velocidad, tramas, giros, progresiones graduales hasta paradas de emergencia en una curva y frenada de emergencia.<\/p>\n<h2><span style=\"color: #ff6600;\">Aqu\u00ed les mostramos los 14 ejercicios de manejo en 2 d\u00edas para el curso de motocicletas<\/span><\/h2>\n<ol>\n<li>Familiarizaci\u00f3n con la motocicleta.<\/li>\n<\/ol>\n<ul>\n<li>T-CLOCS inspecci\u00f3n previa al viaje.<\/li>\n<li>Ubicaci\u00f3n y operaci\u00f3n de controles importantes y partes principales.<\/li>\n<li>Procedimientos de montaje \/ desmontaje.<\/li>\n<li>Elementos de buena postura.<\/li>\n<\/ul>\n<ol start=\"2\">\n<li>Usando la zona de fricci\u00f3n.<\/li>\n<\/ol>\n<ul>\n<li>Practique el uso del embrague \u00abzona de fricci\u00f3n\u00bb para el control.<\/li>\n<\/ul>\n<ol start=\"3\">\n<li>Iniciando y deteniendo el ejercicio.<\/li>\n<\/ol>\n<ul>\n<li>Coordine la zona de fricci\u00f3n, el acelerador y los frenos para controlar la motocicleta.<\/li>\n<li>Comience y pare con precisi\u00f3n y control.<\/li>\n<\/ul>\n<ol start=\"4\">\n<li>Cambiando y pararse.<\/li>\n<\/ol>\n<ul>\n<li>Cambie de marcha y pare sin problemas.<\/li>\n<\/ul>\n<ol start=\"5\">\n<li>Pr\u00e1ctica b\u00e1sica de habilidad.<\/li>\n<\/ol>\n<ul>\n<li>Habilidades de maniobra a baja velocidad.<\/li>\n<li>Uso del acelerador y manipulaci\u00f3n de frenos en las esquinas.<\/li>\n<\/ul>\n<ol start=\"6\">\n<li>Presionando para iniciar y ajustar.<\/li>\n<\/ol>\n<ul>\n<li>Elementos de maniobra necesarios para realizar curvas.<\/li>\n<li>Countersteer: efectos de la presi\u00f3n de la empu\u00f1adura y el movimiento del manubrio para iniciar y ajustar.<\/li>\n<\/ul>\n<ol start=\"7\">\n<li>Detenerse m\u00e1s r\u00e1pidamente y cerrar de una parada.<\/li>\n<\/ol>\n<ul>\n<li>Presi\u00f3n de frenado progresiva para detenerse m\u00e1s r\u00e1pido sin derrapar.<\/li>\n<li>Haciendo un giro brusco desde una parada.<\/li>\n<\/ul>\n<ol start=\"8\">\n<li>Detenerse en la distancia.<\/li>\n<\/ol>\n<ul>\n<li>Observe la demostraci\u00f3n por parte deen entrenador de las partes de reacci\u00f3n \/ frenado de la distancia de frenado total.<\/li>\n<li>Efectos de la velocidad en la distancia de frenado.<\/li>\n<li>Relacione los resultados con las estrategias de intersecci\u00f3n.<\/li>\n<\/ul>\n<ol start=\"9\">\n<li>Maniobras en espacio limitado.<\/li>\n<\/ol>\n<ul>\n<li>Habilidades de maniobra para permitir giros a baja velocidad en espacios limitados.<\/li>\n<li>T\u00e9cnica de contrapeso<\/li>\n<\/ul>\n<ol start=\"10\">\n<li>Parando en una curva.<\/li>\n<\/ol>\n<ul>\n<li>Mantenga el control mientras se detiene en una curva.<\/li>\n<li>Manejo de tracci\u00f3n<\/li>\n<\/ul>\n<ol start=\"11\">\n<li>Curva<\/li>\n<\/ol>\n<ul>\n<li>Habilidades para realizar m\u00faltiples curvas.<\/li>\n<li>Aprende la estrategia de \u00abb\u00fasqueda-configuraci\u00f3n-suave\u00bb.<\/li>\n<\/ul>\n<ol start=\"12\">\n<li>M\u00faltiples curvas y cambios de carril.<\/li>\n<\/ol>\n<ul>\n<li>Realizando curvas y cambios de carril.<\/li>\n<li>M\u00e1rgenes de seguridad y selecci\u00f3n de brecha.<\/li>\n<\/ul>\n<ol start=\"13\">\n<li>Cruzando un Obst\u00e1culo y esquivandolo.<\/li>\n<\/ol>\n<ul>\n<li>T\u00e9cnicas para cruzar obst\u00e1culos.<\/li>\n<li>Ejecuta un viraje b\u00e1sico.<\/li>\n<li>Dando vuelta de una parada.<\/li>\n<li>perfeccionar curvas en baja velocidad.<\/li>\n<\/ul>\n<ol start=\"14\">\n<li>Pr\u00e1ctica de habilidad.<\/li>\n<\/ol>\n<ul>\n<li>Pr\u00e1ctica de habilidades de motociclista, una revisi\u00f3n que combina una variedad de maniobras.<\/li>\n<\/ul>\n<ol start=\"15\">\n<li>Prueba de habilidades de motociclismo.<\/li>\n<\/ol>\n<ul>\n<li>Para evaluar las habilidades b\u00e1sicas usando un grupo de conos, parada normal, girando desde un alto, giro en U, parada r\u00e1pida, giro de obst\u00e1culo y maniobra de viraje.<\/li>\n<li>Para demostrar las habilidades b\u00e1sicas de control de la motocicleta y la capacidad de evitar un obst\u00e1culo.<\/li>\n<li>Para demostrar la capacidad de usar la t\u00e9cnica adecuada para negociar una curva.<\/li>\n<\/ul>\n<p>La finalizaci\u00f3n exitosa del eBRC requiere aprobar el examen de conocimientos del aula (25 preguntas de opci\u00f3n m\u00faltiple) y el examen de habilidades para montar (se prueban 5 conjuntos de habilidades por separado). La graduaci\u00f3n concluye con su tarjeta de finalizaci\u00f3n de curso entregada por su Entrenador de Manejo, lo que significa un hito en su propio desarrollo de t\u00e9cnicas para conducir de forma segura su motocicleta.<\/p>\n<p>Luego, dos d\u00edas m\u00e1s tarde y antes de manejar en carreteras p\u00fablicas, debe ir al <a href=\"https:\/\/www.flhsmv.gov\/locations\/\" target=\"_blank\" rel=\"noopener noreferrer\">FLHSMV<\/a> con la <a href=\"http:\/\/www.flhsmv.gov\/driver-licenses-id-cards\/what-to-bring\/\" target=\"_blank\" rel=\"noopener noreferrer\">identificaci\u00f3n requerida<\/a> para obtener su nueva licencia de conducir de Florida con el endoso de motocicleta. El y el cielo azul y brillante, las calles abiertas y los amigos que viajan, \u00a1deja que la diversi\u00f3n comience![\/vc_column_text][\/vc_column][\/vc_row]<\/p>\n","protected":false},"excerpt":{"rendered":"<p>[vc_row padding_top=\u00bb0px\u00bb background_image=\u00bb0&#8243;][vc_column][vc_column_text]El Curso Basico de Manejo de Motocicleta es requerido por el FRTP para obtener su nueva licencia de conducir con el \u00abendoso de motocicleta\u00bb. Es para motociclistas principiantes&#8230;<\/p>\n<p><a rel=\"bookmark\" class=\"more-link wolf-button border-button-accent-hover\" href=\"https:\/\/flmts.com\/es\/ejercicios-de-manejo-para-el-curso-basico-de-motocicleta\/\">Leer m&aacute;s<\/a><\/p>\n","protected":false},"author":1,"featured_media":0,"parent":0,"menu_order":0,"comment_status":"closed","ping_status":"closed","template":"","meta":{"_exactmetrics_skip_tracking":false,"_exactmetrics_sitenote_active":false,"_exactmetrics_sitenote_note":"","_exactmetrics_sitenote_category":0,"footnotes":""},"class_list":["post-976","page","type-page","status-publish","hentry","no-thumbnail","text-only"],"yoast_head":"<!-- This site is optimized with the Yoast SEO plugin v23.4 - https:\/\/yoast.com\/wordpress\/plugins\/seo\/ -->\n<title>Ejercicios de Manejo para el Curso Basico de Motocicleta<\/title>\n<meta name=\"description\" content=\"Ejercicios de Manejo para el Curso Basico de Motocicleta que usted debe realizar en 15 horas de entrenamiento teorico y practico. Aqui podra encontrar el programa necesario para obtener su Endoso de Motocicleta en la licencia de conducir de la Florida.\" \/>\n<meta name=\"robots\" content=\"index, follow, max-snippet:-1, max-image-preview:large, max-video-preview:-1\" \/>\n<link rel=\"canonical\" href=\"https:\/\/flmts.com\/es\/riding-exercises-in-the-brcu\/\" \/>\n<meta property=\"og:locale\" content=\"es_ES\" \/>\n<meta property=\"og:type\" content=\"article\" \/>\n<meta property=\"og:title\" content=\"Ejercicios de Manejo para el Curso Basico de Motocicleta\" \/>\n<meta property=\"og:description\" content=\"Ejercicios de Manejo para el Curso Basico de Motocicleta que usted debe realizar en 15 horas de entrenamiento teorico y practico. Aqui podra encontrar el programa necesario para obtener su Endoso de Motocicleta en la licencia de conducir de la Florida.\" \/>\n<meta property=\"og:url\" content=\"https:\/\/flmts.com\/riding-exercises-in-the-brcu\/\" \/>\n<meta property=\"og:site_name\" content=\"Florida Motorcycle Training School FLMTS\" \/>\n<meta property=\"article:modified_time\" content=\"2023-12-20T19:05:53+00:00\" \/>\n<meta name=\"twitter:card\" content=\"summary_large_image\" \/>\n<meta name=\"twitter:label1\" content=\"Tiempo de lectura\" \/>\n\t<meta name=\"twitter:data1\" content=\"4 minutos\" \/>\n<script type=\"application\/ld+json\" class=\"yoast-schema-graph\">{\"@context\":\"https:\/\/schema.org\",\"@graph\":[{\"@type\":\"WebPage\",\"@id\":\"https:\/\/flmts.com\/riding-exercises-in-the-brcu\/\",\"url\":\"https:\/\/flmts.com\/riding-exercises-in-the-brcu\/\",\"name\":\"Ejercicios de Manejo para el Curso Basico de Motocicleta\",\"isPartOf\":{\"@id\":\"https:\/\/flmts.com\/#website\"},\"datePublished\":\"2018-05-25T18:38:50+00:00\",\"dateModified\":\"2023-12-20T19:05:53+00:00\",\"description\":\"Ejercicios de Manejo para el Curso Basico de Motocicleta que usted debe realizar en 15 horas de entrenamiento teorico y practico. Aqui podra encontrar el programa necesario para obtener su Endoso de Motocicleta en la licencia de conducir de la Florida.\",\"breadcrumb\":{\"@id\":\"https:\/\/flmts.com\/riding-exercises-in-the-brcu\/#breadcrumb\"},\"inLanguage\":\"es\",\"potentialAction\":[{\"@type\":\"ReadAction\",\"target\":[\"https:\/\/flmts.com\/riding-exercises-in-the-brcu\/\"]}]},{\"@type\":\"BreadcrumbList\",\"@id\":\"https:\/\/flmts.com\/riding-exercises-in-the-brcu\/#breadcrumb\",\"itemListElement\":[{\"@type\":\"ListItem\",\"position\":1,\"name\":\"Home\",\"item\":\"https:\/\/flmts.com\/es\/\"},{\"@type\":\"ListItem\",\"position\":2,\"name\":\"Ejercicios de Manejo para el Curso Basico de Motocicleta\"}]},{\"@type\":\"WebSite\",\"@id\":\"https:\/\/flmts.com\/#website\",\"url\":\"https:\/\/flmts.com\/\",\"name\":\"FL Motorcycle Training School\",\"description\":\"Training &amp; School - Basic Rider Course\",\"publisher\":{\"@id\":\"https:\/\/flmts.com\/#organization\"},\"potentialAction\":[{\"@type\":\"SearchAction\",\"target\":{\"@type\":\"EntryPoint\",\"urlTemplate\":\"https:\/\/flmts.com\/?s={search_term_string}\"},\"query-input\":{\"@type\":\"PropertyValueSpecification\",\"valueRequired\":true,\"valueName\":\"search_term_string\"}}],\"inLanguage\":\"es\"},{\"@type\":\"Organization\",\"@id\":\"https:\/\/flmts.com\/#organization\",\"name\":\"FL Motorcycle Training School\",\"url\":\"https:\/\/flmts.com\/\",\"logo\":{\"@type\":\"ImageObject\",\"inLanguage\":\"es\",\"@id\":\"https:\/\/flmts.com\/#\/schema\/logo\/image\/\",\"url\":\"https:\/\/flmts.com\/wp-content\/uploads\/2018\/05\/logo-Motorcycle3.png\",\"contentUrl\":\"https:\/\/flmts.com\/wp-content\/uploads\/2018\/05\/logo-Motorcycle3.png\",\"width\":366,\"height\":200,\"caption\":\"FL Motorcycle Training School\"},\"image\":{\"@id\":\"https:\/\/flmts.com\/#\/schema\/logo\/image\/\"}}]}<\/script>\n<!-- \/ Yoast SEO plugin. -->","yoast_head_json":{"title":"Ejercicios de Manejo para el Curso Basico de Motocicleta","description":"Ejercicios de Manejo para el Curso Basico de Motocicleta que usted debe realizar en 15 horas de entrenamiento teorico y practico. Aqui podra encontrar el programa necesario para obtener su Endoso de Motocicleta en la licencia de conducir de la Florida.","robots":{"index":"index","follow":"follow","max-snippet":"max-snippet:-1","max-image-preview":"max-image-preview:large","max-video-preview":"max-video-preview:-1"},"canonical":"https:\/\/flmts.com\/es\/riding-exercises-in-the-brcu\/","og_locale":"es_ES","og_type":"article","og_title":"Ejercicios de Manejo para el Curso Basico de Motocicleta","og_description":"Ejercicios de Manejo para el Curso Basico de Motocicleta que usted debe realizar en 15 horas de entrenamiento teorico y practico. Aqui podra encontrar el programa necesario para obtener su Endoso de Motocicleta en la licencia de conducir de la Florida.","og_url":"https:\/\/flmts.com\/riding-exercises-in-the-brcu\/","og_site_name":"Florida Motorcycle Training School FLMTS","article_modified_time":"2023-12-20T19:05:53+00:00","twitter_card":"summary_large_image","twitter_misc":{"Tiempo de lectura":"4 minutos"},"schema":{"@context":"https:\/\/schema.org","@graph":[{"@type":"WebPage","@id":"https:\/\/flmts.com\/riding-exercises-in-the-brcu\/","url":"https:\/\/flmts.com\/riding-exercises-in-the-brcu\/","name":"Ejercicios de Manejo para el Curso Basico de Motocicleta","isPartOf":{"@id":"https:\/\/flmts.com\/#website"},"datePublished":"2018-05-25T18:38:50+00:00","dateModified":"2023-12-20T19:05:53+00:00","description":"Ejercicios de Manejo para el Curso Basico de Motocicleta que usted debe realizar en 15 horas de entrenamiento teorico y practico. Aqui podra encontrar el programa necesario para obtener su Endoso de Motocicleta en la licencia de conducir de la Florida.","breadcrumb":{"@id":"https:\/\/flmts.com\/riding-exercises-in-the-brcu\/#breadcrumb"},"inLanguage":"es","potentialAction":[{"@type":"ReadAction","target":["https:\/\/flmts.com\/riding-exercises-in-the-brcu\/"]}]},{"@type":"BreadcrumbList","@id":"https:\/\/flmts.com\/riding-exercises-in-the-brcu\/#breadcrumb","itemListElement":[{"@type":"ListItem","position":1,"name":"Home","item":"https:\/\/flmts.com\/es\/"},{"@type":"ListItem","position":2,"name":"Ejercicios de Manejo para el Curso Basico de Motocicleta"}]},{"@type":"WebSite","@id":"https:\/\/flmts.com\/#website","url":"https:\/\/flmts.com\/","name":"FL Motorcycle Training School","description":"Training &amp; School - Basic Rider Course","publisher":{"@id":"https:\/\/flmts.com\/#organization"},"potentialAction":[{"@type":"SearchAction","target":{"@type":"EntryPoint","urlTemplate":"https:\/\/flmts.com\/?s={search_term_string}"},"query-input":{"@type":"PropertyValueSpecification","valueRequired":true,"valueName":"search_term_string"}}],"inLanguage":"es"},{"@type":"Organization","@id":"https:\/\/flmts.com\/#organization","name":"FL Motorcycle Training School","url":"https:\/\/flmts.com\/","logo":{"@type":"ImageObject","inLanguage":"es","@id":"https:\/\/flmts.com\/#\/schema\/logo\/image\/","url":"https:\/\/flmts.com\/wp-content\/uploads\/2018\/05\/logo-Motorcycle3.png","contentUrl":"https:\/\/flmts.com\/wp-content\/uploads\/2018\/05\/logo-Motorcycle3.png","width":366,"height":200,"caption":"FL Motorcycle Training School"},"image":{"@id":"https:\/\/flmts.com\/#\/schema\/logo\/image\/"}}]}},"_links":{"self":[{"href":"https:\/\/flmts.com\/es\/wp-json\/wp\/v2\/pages\/976\/"}],"collection":[{"href":"https:\/\/flmts.com\/es\/wp-json\/wp\/v2\/pages\/"}],"about":[{"href":"https:\/\/flmts.com\/es\/wp-json\/wp\/v2\/types\/page\/"}],"author":[{"embeddable":true,"href":"https:\/\/flmts.com\/es\/wp-json\/wp\/v2\/users\/1\/"}],"replies":[{"embeddable":true,"href":"https:\/\/flmts.com\/es\/wp-json\/wp\/v2\/comments\/?post=976"}],"version-history":[{"count":6,"href":"https:\/\/flmts.com\/es\/wp-json\/wp\/v2\/pages\/976\/revisions\/"}],"predecessor-version":[{"id":1648,"href":"https:\/\/flmts.com\/es\/wp-json\/wp\/v2\/pages\/976\/revisions\/1648\/"}],"wp:attachment":[{"href":"https:\/\/flmts.com\/es\/wp-json\/wp\/v2\/media\/?parent=976"}],"curies":[{"name":"wp","href":"https:\/\/api.w.org\/{rel}","templated":true}]}}